{"id":5839,"date":"2022-03-05T21:36:08","date_gmt":"2022-03-05T20:36:08","guid":{"rendered":"https:\/\/www.ckplac.org\/?post_type=product&#038;p=5839"},"modified":"2023-03-02T16:48:12","modified_gmt":"2023-03-02T15:48:12","slug":"huging-mothers-majke-koje-grle","status":"publish","type":"product","link":"https:\/\/www.ckplac.org\/hu\/proizvod\/huging-mothers-majke-koje-grle\/","title":{"rendered":"Huging mothers (Majke koje grle) \/ Jelena Gruji\u010di\u0107"},"content":{"rendered":"<p><strong>M\u0171v\u00e9sz:\u00a0<\/strong>Jelena Gruji\u010di\u0107<\/p>\n<p><strong>Technika: <\/strong>sito \u0161tampa<\/p>\n<p><strong>Anyag:<\/strong> pamut<\/p>\n<p><strong>Sz\u00edn: <\/strong>plava<\/p>\n<p><strong>Term\u00e9k vari\u00e1ci\u00f3: <\/strong>k\u00fcl\u00f6nb\u00f6z\u0151 sz\u00edn\u0171 anyagokon<\/p>","protected":false},"excerpt":{"rendered":"<p><strong>\u00c1r:<\/strong> 28000 RSD<\/p>\n<p><strong>Munka t\u00edpusa:<\/strong> falik\u00e9p<\/p>\n<p><strong>M\u00e9retek: <\/strong>A\/O 45&#215;60 cm, 2020<\/p>\n<p><strong>M\u0171v\u00e9sz el\u00e9rhet\u0151s\u00e9ge:<\/strong> jelenacontact@gmail.com | +381631794857<\/p>","protected":false},"featured_media":5639,"template":"","meta":{"inline_featured_image":false},"product_cat":[343],"product_tag":[352],"aioseo_notices":[],"_links":{"self":[{"href":"https:\/\/www.ckplac.org\/hu\/wp-json\/wp\/v2\/product\/5839"}],"collection":[{"href":"https:\/\/www.ckplac.org\/hu\/wp-json\/wp\/v2\/product"}],"about":[{"href":"https:\/\/www.ckplac.org\/hu\/wp-json\/wp\/v2\/types\/product"}],"wp:featuredmedia":[{"embeddable":true,"href":"https:\/\/www.ckplac.org\/hu\/wp-json\/wp\/v2\/media\/5639"}],"wp:attachment":[{"href":"https:\/\/www.ckplac.org\/hu\/wp-json\/wp\/v2\/media?parent=5839"}],"wp:term":[{"taxonomy":"product_cat","embeddable":true,"href":"https:\/\/www.ckplac.org\/hu\/wp-json\/wp\/v2\/product_cat?post=5839"},{"taxonomy":"product_tag","embeddable":true,"href":"https:\/\/www.ckplac.org\/hu\/wp-json\/wp\/v2\/product_tag?post=5839"}],"curies":[{"name":"wp","href":"https:\/\/api.w.org\/{rel}","templated":true}]}}