{"id":5832,"date":"2022-03-05T21:13:32","date_gmt":"2022-03-05T20:13:32","guid":{"rendered":"https:\/\/www.ckplac.org\/?post_type=product&#038;p=5832"},"modified":"2022-03-05T21:49:51","modified_gmt":"2022-03-05T20:49:51","slug":"pumping-mothers-majke-koje-se-ispumpavaju-2","status":"publish","type":"product","link":"https:\/\/www.ckplac.org\/hu\/proizvod\/pumping-mothers-majke-koje-se-ispumpavaju-2\/","title":{"rendered":"Pumping mothers (Pump\u00e1l\u00f3 any\u00e1k) \/ Jelena Gruji\u010di\u0107"},"content":{"rendered":"<p>Original, jedan primerak<\/p>\n<p><strong>M\u0171v\u00e9sz:\u00a0<\/strong>Jelena Gruji\u010di\u0107<\/p>\n<p><strong>Technika: <\/strong>crte\u017e<\/p>\n<p><strong>Anyag:<\/strong> papir<\/p>\n<p><strong>Sz\u00edn: <\/strong>siva<\/p>\n<p><strong>Term\u00e9k vari\u00e1ci\u00f3: <\/strong>na razli\u010ditim bojama papira, sito \u0161tampa u kombinaciji sa crte\u017eom<\/p>","protected":false},"excerpt":{"rendered":"<p><strong>\u00c1r:<\/strong> 35000 RSD<\/p>\n<p><strong>Munka t\u00edpusa:<\/strong> falik\u00e9p<\/p>\n<p><strong>M\u00e9retek: <\/strong>50&#215;65 cm, 2020<\/p>\n<p><strong>M\u0171v\u00e9sz el\u00e9rhet\u0151s\u00e9ge:<\/strong> jelenacontact@gmail.com | +381631794857<\/p>","protected":false},"featured_media":5629,"template":"","meta":{"inline_featured_image":false},"product_cat":[351],"product_tag":[352],"aioseo_notices":[],"_links":{"self":[{"href":"https:\/\/www.ckplac.org\/hu\/wp-json\/wp\/v2\/product\/5832"}],"collection":[{"href":"https:\/\/www.ckplac.org\/hu\/wp-json\/wp\/v2\/product"}],"about":[{"href":"https:\/\/www.ckplac.org\/hu\/wp-json\/wp\/v2\/types\/product"}],"wp:featuredmedia":[{"embeddable":true,"href":"https:\/\/www.ckplac.org\/hu\/wp-json\/wp\/v2\/media\/5629"}],"wp:attachment":[{"href":"https:\/\/www.ckplac.org\/hu\/wp-json\/wp\/v2\/media?parent=5832"}],"wp:term":[{"taxonomy":"product_cat","embeddable":true,"href":"https:\/\/www.ckplac.org\/hu\/wp-json\/wp\/v2\/product_cat?post=5832"},{"taxonomy":"product_tag","embeddable":true,"href":"https:\/\/www.ckplac.org\/hu\/wp-json\/wp\/v2\/product_tag?post=5832"}],"curies":[{"name":"wp","href":"https:\/\/api.w.org\/{rel}","templated":true}]}}