{"id":5825,"date":"2022-03-05T20:20:26","date_gmt":"2022-03-05T19:20:26","guid":{"rendered":"https:\/\/www.ckplac.org\/?post_type=product&#038;p=5825"},"modified":"2023-03-02T16:44:47","modified_gmt":"2023-03-02T15:44:47","slug":"bathing-mothers-ii-majke-koje-se-kupaju","status":"publish","type":"product","link":"https:\/\/www.ckplac.org\/hu\/proizvod\/bathing-mothers-ii-majke-koje-se-kupaju\/","title":{"rendered":"Bathing mothers II (Majke koje se kupaju) \/ Jelena Gruji\u010di\u0107"},"content":{"rendered":"<p>Minden munka egyedi, k\u00e9zzel k\u00e9sz\u00edtett h\u00edmz\u00e9s. K\u00fcl\u00f6nb\u00f6z\u0151 sz\u00ednekben el\u00e9rhet\u0151.<\/p>\n<p><strong>M\u0171v\u00e9sz:\u00a0<\/strong>Jelena Gruji\u010di\u0107<\/p>\n<p><strong>Technika: <\/strong>szitanyom\u00e1s \u00e9s k\u00e9zi h\u00edmz\u00e9s pamutra<\/p>\n<p><strong>Anyag:<\/strong> pamut<\/p>\n<p><strong>Sz\u00edn: <\/strong>homok<\/p>\n<p><strong>Term\u00e9k vari\u00e1ci\u00f3: <\/strong>k\u00fcl\u00f6nb\u00f6z\u0151 sz\u00edn\u0171 anyagokon<\/p>","protected":false},"excerpt":{"rendered":"<p><strong>\u00c1r:<\/strong> 28000 RSD<\/p>\n<p><strong>Munka t\u00edpusa:<\/strong> falik\u00e9p<\/p>\n<p><strong>M\u00e9retek: <\/strong>A\/O 50&#215;60 cm, 2020<\/p>\n<p><strong>M\u0171v\u00e9sz el\u00e9rhet\u0151s\u00e9ge:<\/strong> jelenacontact@gmail.com | +381631794857<\/p>","protected":false},"featured_media":5634,"template":"","meta":{"inline_featured_image":false},"product_cat":[343],"product_tag":[352],"aioseo_notices":[],"_links":{"self":[{"href":"https:\/\/www.ckplac.org\/hu\/wp-json\/wp\/v2\/product\/5825"}],"collection":[{"href":"https:\/\/www.ckplac.org\/hu\/wp-json\/wp\/v2\/product"}],"about":[{"href":"https:\/\/www.ckplac.org\/hu\/wp-json\/wp\/v2\/types\/product"}],"wp:featuredmedia":[{"embeddable":true,"href":"https:\/\/www.ckplac.org\/hu\/wp-json\/wp\/v2\/media\/5634"}],"wp:attachment":[{"href":"https:\/\/www.ckplac.org\/hu\/wp-json\/wp\/v2\/media?parent=5825"}],"wp:term":[{"taxonomy":"product_cat","embeddable":true,"href":"https:\/\/www.ckplac.org\/hu\/wp-json\/wp\/v2\/product_cat?post=5825"},{"taxonomy":"product_tag","embeddable":true,"href":"https:\/\/www.ckplac.org\/hu\/wp-json\/wp\/v2\/product_tag?post=5825"}],"curies":[{"name":"wp","href":"https:\/\/api.w.org\/{rel}","templated":true}]}}