{"id":5824,"date":"2022-03-05T19:59:44","date_gmt":"2022-03-05T18:59:44","guid":{"rendered":"https:\/\/www.ckplac.org\/?post_type=product&#038;p=5824"},"modified":"2023-03-02T16:49:51","modified_gmt":"2023-03-02T15:49:51","slug":"pumping-mothers-majke-koje-se-ispumpavaju-jelena-grujicic-print","status":"publish","type":"product","link":"https:\/\/www.ckplac.org\/hu\/proizvod\/pumping-mothers-majke-koje-se-ispumpavaju-jelena-grujicic-print\/","title":{"rendered":"Pumping mothers (Pump\u00e1l\u00f3 any\u00e1k) \/ Jelena Gruji\u010di\u0107"},"content":{"rendered":"<p><strong>M\u0171v\u00e9sz:\u00a0<\/strong>Jelena Gruji\u010di\u0107<\/p>\n<p><strong>Technika:<\/strong> szitanyom\u00e1s \u00e9s rajz<\/p>\n<p><strong>Anyag:<\/strong> papir<\/p>\n<p><strong>Sz\u00edn: <\/strong>svetlo plava<\/p>\n<p><strong>Term\u00e9k vari\u00e1ci\u00f3: <\/strong>kraljevsko plava, zelena<\/p>","protected":false},"excerpt":{"rendered":"<p><strong>\u00c1r:<\/strong> 28000 RSD \/ kom<\/p>\n<p><strong>Munka t\u00edpusa:<\/strong> crte\u017e<\/p>\n<p><strong>M\u00e9retek: <\/strong>50&#215;70 cm, 2020<\/p>\n<p><strong>M\u0171v\u00e9sz el\u00e9rhet\u0151s\u00e9ge:<\/strong> jelenacontact@gmail.com | +381631794857<\/p>","protected":false},"featured_media":5628,"template":"","meta":{"inline_featured_image":false},"product_cat":[351],"product_tag":[352],"aioseo_notices":[],"_links":{"self":[{"href":"https:\/\/www.ckplac.org\/hu\/wp-json\/wp\/v2\/product\/5824"}],"collection":[{"href":"https:\/\/www.ckplac.org\/hu\/wp-json\/wp\/v2\/product"}],"about":[{"href":"https:\/\/www.ckplac.org\/hu\/wp-json\/wp\/v2\/types\/product"}],"wp:featuredmedia":[{"embeddable":true,"href":"https:\/\/www.ckplac.org\/hu\/wp-json\/wp\/v2\/media\/5628"}],"wp:attachment":[{"href":"https:\/\/www.ckplac.org\/hu\/wp-json\/wp\/v2\/media?parent=5824"}],"wp:term":[{"taxonomy":"product_cat","embeddable":true,"href":"https:\/\/www.ckplac.org\/hu\/wp-json\/wp\/v2\/product_cat?post=5824"},{"taxonomy":"product_tag","embeddable":true,"href":"https:\/\/www.ckplac.org\/hu\/wp-json\/wp\/v2\/product_tag?post=5824"}],"curies":[{"name":"wp","href":"https:\/\/api.w.org\/{rel}","templated":true}]}}