{"id":5823,"date":"2022-03-05T19:49:54","date_gmt":"2022-03-05T18:49:54","guid":{"rendered":"https:\/\/www.ckplac.org\/?post_type=product&#038;p=5823"},"modified":"2022-03-05T19:53:48","modified_gmt":"2022-03-05T18:53:48","slug":"sructure","status":"publish","type":"product","link":"https:\/\/www.ckplac.org\/hu\/proizvod\/sructure\/","title":{"rendered":"Sructure \/ Vanja Suboti\u0107"},"content":{"rendered":"<p><strong>M\u0171v\u00e9sz: <\/strong>Vanja Suboti\u0107<\/p>\n<p><strong>Technika:<\/strong> akril na platnu<\/p>\n<p><strong>Anyag:<\/strong> panel sa platnom<\/p>","protected":false},"excerpt":{"rendered":"<p><strong>\u00c1r:<\/strong> 17550 RSD<\/p>\n<p><strong>Munka t\u00edpusa:<\/strong> falik\u00e9p<\/p>\n<p><strong>M\u00e9retek:<\/strong> 23&#215;18 cm<\/p>\n<p><strong>M\u0171v\u00e9sz el\u00e9rhet\u0151s\u00e9ge:<\/strong> svanjavathy@gmail.com<\/p>","protected":false},"featured_media":5529,"template":"","meta":{"inline_featured_image":false},"product_cat":[343],"product_tag":[344],"aioseo_notices":[],"_links":{"self":[{"href":"https:\/\/www.ckplac.org\/hu\/wp-json\/wp\/v2\/product\/5823"}],"collection":[{"href":"https:\/\/www.ckplac.org\/hu\/wp-json\/wp\/v2\/product"}],"about":[{"href":"https:\/\/www.ckplac.org\/hu\/wp-json\/wp\/v2\/types\/product"}],"wp:featuredmedia":[{"embeddable":true,"href":"https:\/\/www.ckplac.org\/hu\/wp-json\/wp\/v2\/media\/5529"}],"wp:attachment":[{"href":"https:\/\/www.ckplac.org\/hu\/wp-json\/wp\/v2\/media?parent=5823"}],"wp:term":[{"taxonomy":"product_cat","embeddable":true,"href":"https:\/\/www.ckplac.org\/hu\/wp-json\/wp\/v2\/product_cat?post=5823"},{"taxonomy":"product_tag","embeddable":true,"href":"https:\/\/www.ckplac.org\/hu\/wp-json\/wp\/v2\/product_tag?post=5823"}],"curies":[{"name":"wp","href":"https:\/\/api.w.org\/{rel}","templated":true}]}}