{"id":5819,"date":"2022-03-05T19:40:28","date_gmt":"2022-03-05T18:40:28","guid":{"rendered":"https:\/\/www.ckplac.org\/?post_type=product&#038;p=5819"},"modified":"2022-03-05T19:41:58","modified_gmt":"2022-03-05T18:41:58","slug":"monumental-1","status":"publish","type":"product","link":"https:\/\/www.ckplac.org\/hu\/proizvod\/monumental-1\/","title":{"rendered":"MonuMental \/ Vanja Suboti\u0107"},"content":{"rendered":"<p><strong>M\u0171v\u00e9sz: <\/strong>Vanja Suboti\u0107<\/p>\n<p><strong>Technika:<\/strong> akril na platnu<\/p>\n<p><strong>Anyag:<\/strong> platno<\/p>","protected":false},"excerpt":{"rendered":"<p><strong>\u00c1r:<\/strong> 70200 RSD<\/p>\n<p><strong>Munka t\u00edpusa:<\/strong> slika (akril na platnu)<\/p>\n<p><strong>M\u00e9retek:<\/strong> 100&#215;140 cm<\/p>\n<p><strong>M\u0171v\u00e9sz el\u00e9rhet\u0151s\u00e9ge:<\/strong> svanjavathy@gmail.com<\/p>","protected":false},"featured_media":5525,"template":"","meta":{"inline_featured_image":false},"product_cat":[343],"product_tag":[344],"aioseo_notices":[],"_links":{"self":[{"href":"https:\/\/www.ckplac.org\/hu\/wp-json\/wp\/v2\/product\/5819"}],"collection":[{"href":"https:\/\/www.ckplac.org\/hu\/wp-json\/wp\/v2\/product"}],"about":[{"href":"https:\/\/www.ckplac.org\/hu\/wp-json\/wp\/v2\/types\/product"}],"wp:featuredmedia":[{"embeddable":true,"href":"https:\/\/www.ckplac.org\/hu\/wp-json\/wp\/v2\/media\/5525"}],"wp:attachment":[{"href":"https:\/\/www.ckplac.org\/hu\/wp-json\/wp\/v2\/media?parent=5819"}],"wp:term":[{"taxonomy":"product_cat","embeddable":true,"href":"https:\/\/www.ckplac.org\/hu\/wp-json\/wp\/v2\/product_cat?post=5819"},{"taxonomy":"product_tag","embeddable":true,"href":"https:\/\/www.ckplac.org\/hu\/wp-json\/wp\/v2\/product_tag?post=5819"}],"curies":[{"name":"wp","href":"https:\/\/api.w.org\/{rel}","templated":true}]}}