{"id":5818,"date":"2022-03-05T19:34:51","date_gmt":"2022-03-05T18:34:51","guid":{"rendered":"https:\/\/www.ckplac.org\/?post_type=product&#038;p=5818"},"modified":"2022-03-05T19:36:28","modified_gmt":"2022-03-05T18:36:28","slug":"hair7-vanja-subotic","status":"publish","type":"product","link":"https:\/\/www.ckplac.org\/hu\/proizvod\/hair7-vanja-subotic\/","title":{"rendered":"Hair 7 \/ Vanja Suboti\u0107"},"content":{"rendered":"<p><strong>M\u0171v\u00e9sz: <\/strong>Vanja Suboti\u0107<\/p>\n<p><strong>Technika:<\/strong> tu\u0161 i tempera na papiru<\/p>\n<p><strong>Anyag:<\/strong> papir<\/p>","protected":false},"excerpt":{"rendered":"<p><strong>\u00c1r:<\/strong> 17550 RSD<\/p>\n<p><strong>Munka t\u00edpusa:<\/strong> crte\u017e (tu\u0161 i tempera na papiru)<\/p>\n<p><strong>M\u00e9retek:<\/strong> 20&#215;18 cm<\/p>\n<p><strong>M\u0171v\u00e9sz el\u00e9rhet\u0151s\u00e9ge:<\/strong> svanjavathy@gmail.com<\/p>","protected":false},"featured_media":5524,"template":"","meta":{"inline_featured_image":false},"product_cat":[351],"product_tag":[344],"aioseo_notices":[],"_links":{"self":[{"href":"https:\/\/www.ckplac.org\/hu\/wp-json\/wp\/v2\/product\/5818"}],"collection":[{"href":"https:\/\/www.ckplac.org\/hu\/wp-json\/wp\/v2\/product"}],"about":[{"href":"https:\/\/www.ckplac.org\/hu\/wp-json\/wp\/v2\/types\/product"}],"wp:featuredmedia":[{"embeddable":true,"href":"https:\/\/www.ckplac.org\/hu\/wp-json\/wp\/v2\/media\/5524"}],"wp:attachment":[{"href":"https:\/\/www.ckplac.org\/hu\/wp-json\/wp\/v2\/media?parent=5818"}],"wp:term":[{"taxonomy":"product_cat","embeddable":true,"href":"https:\/\/www.ckplac.org\/hu\/wp-json\/wp\/v2\/product_cat?post=5818"},{"taxonomy":"product_tag","embeddable":true,"href":"https:\/\/www.ckplac.org\/hu\/wp-json\/wp\/v2\/product_tag?post=5818"}],"curies":[{"name":"wp","href":"https:\/\/api.w.org\/{rel}","templated":true}]}}