{"id":5800,"date":"2022-03-05T18:31:25","date_gmt":"2022-03-05T17:31:25","guid":{"rendered":"https:\/\/www.ckplac.org\/?post_type=product&#038;p=5800"},"modified":"2023-11-13T11:30:09","modified_gmt":"2023-11-13T10:30:09","slug":"waves-svetlana-zdrnja","status":"publish","type":"product","link":"https:\/\/www.ckplac.org\/hu\/proizvod\/waves-svetlana-zdrnja\/","title":{"rendered":"Waves \/ Svetlana \u017ddrnja"},"content":{"rendered":"<p><strong>M\u0171v\u00e9sz:<\/strong> Svetlana \u017ddrnja<\/p>\n<p><strong>Technika:<\/strong> tu\u0161 na papiru<\/p>\n<p><strong>Anyag:<\/strong> papir<\/p>","protected":false},"excerpt":{"rendered":"<p><b>Cena originala: <\/b>64500 RSD<\/p>\n<p><strong>Cena digitalnog printa:<\/strong> 1800 RSD<\/p>\n<p><strong>Munka t\u00edpusa:<\/strong> crte\u017e<\/p>\n<p><strong>M\u00e9retek:<\/strong> 100&#215;70 cm (original), 29.7&#215;42 cm (print)<\/p>\n<p><strong>M\u0171v\u00e9sz el\u00e9rhet\u0151s\u00e9ge:<\/strong> svetlana.zdrnja@gmail.com | +38162770661<\/p>","protected":false},"featured_media":5613,"template":"","meta":{"inline_featured_image":false},"product_cat":[351],"product_tag":[350],"aioseo_notices":[],"_links":{"self":[{"href":"https:\/\/www.ckplac.org\/hu\/wp-json\/wp\/v2\/product\/5800"}],"collection":[{"href":"https:\/\/www.ckplac.org\/hu\/wp-json\/wp\/v2\/product"}],"about":[{"href":"https:\/\/www.ckplac.org\/hu\/wp-json\/wp\/v2\/types\/product"}],"wp:featuredmedia":[{"embeddable":true,"href":"https:\/\/www.ckplac.org\/hu\/wp-json\/wp\/v2\/media\/5613"}],"wp:attachment":[{"href":"https:\/\/www.ckplac.org\/hu\/wp-json\/wp\/v2\/media?parent=5800"}],"wp:term":[{"taxonomy":"product_cat","embeddable":true,"href":"https:\/\/www.ckplac.org\/hu\/wp-json\/wp\/v2\/product_cat?post=5800"},{"taxonomy":"product_tag","embeddable":true,"href":"https:\/\/www.ckplac.org\/hu\/wp-json\/wp\/v2\/product_tag?post=5800"}],"curies":[{"name":"wp","href":"https:\/\/api.w.org\/{rel}","templated":true}]}}