{"id":5599,"date":"2022-01-29T20:44:23","date_gmt":"2022-01-29T19:44:23","guid":{"rendered":"https:\/\/www.ckplac.org\/?post_type=product&#038;p=5599"},"modified":"2022-01-29T20:46:25","modified_gmt":"2022-01-29T19:46:25","slug":"country-roads","status":"publish","type":"product","link":"https:\/\/www.ckplac.org\/hu\/proizvod\/country-roads\/","title":{"rendered":"Country Roads \/ Jovana Relji\u0107"},"content":{"rendered":"<p><strong>M\u0171v\u00e9sz:<\/strong> Jovana Relji\u0107<\/p>\n<p><strong>Technika: <\/strong>digitalna fotografija<\/p>\n<p><strong>Anyag:<\/strong> digitalni print na grafi\u010dkom papiru<\/p>\n<p>&nbsp;<\/p>","protected":false},"excerpt":{"rendered":"<p><strong>\u00c1r:<\/strong> 11 800 RSD<\/p>\n<p><strong>Munka t\u00edpusa:<\/strong> fotografija (digital photo)<\/p>\n<p><strong>M\u00e9retek:<\/strong> 33&#215;49 cm<\/p>\n<p><strong>M\u0171v\u00e9sz el\u00e9rhet\u0151s\u00e9ge: <\/strong>jovana.reljic@gmail.com | +381693179666<\/p>","protected":false},"featured_media":5600,"template":"","meta":{"inline_featured_image":false},"product_cat":[341],"product_tag":[347],"aioseo_notices":[],"_links":{"self":[{"href":"https:\/\/www.ckplac.org\/hu\/wp-json\/wp\/v2\/product\/5599"}],"collection":[{"href":"https:\/\/www.ckplac.org\/hu\/wp-json\/wp\/v2\/product"}],"about":[{"href":"https:\/\/www.ckplac.org\/hu\/wp-json\/wp\/v2\/types\/product"}],"wp:featuredmedia":[{"embeddable":true,"href":"https:\/\/www.ckplac.org\/hu\/wp-json\/wp\/v2\/media\/5600"}],"wp:attachment":[{"href":"https:\/\/www.ckplac.org\/hu\/wp-json\/wp\/v2\/media?parent=5599"}],"wp:term":[{"taxonomy":"product_cat","embeddable":true,"href":"https:\/\/www.ckplac.org\/hu\/wp-json\/wp\/v2\/product_cat?post=5599"},{"taxonomy":"product_tag","embeddable":true,"href":"https:\/\/www.ckplac.org\/hu\/wp-json\/wp\/v2\/product_tag?post=5599"}],"curies":[{"name":"wp","href":"https:\/\/api.w.org\/{rel}","templated":true}]}}