{"id":5550,"date":"2022-01-28T12:33:41","date_gmt":"2022-01-28T11:33:41","guid":{"rendered":"https:\/\/www.ckplac.org\/?post_type=product&#038;p=5550"},"modified":"2022-01-29T19:14:24","modified_gmt":"2022-01-29T18:14:24","slug":"photogram-i","status":"publish","type":"product","link":"https:\/\/www.ckplac.org\/hu\/proizvod\/photogram-i\/","title":{"rendered":"Photogram I \/ Jovana Relji\u0107"},"content":{"rendered":"<p><strong>M\u0171v\u00e9sz:<\/strong> Jovana Relji\u0107<\/p>\n<p><strong>Technika: <\/strong>photogram, cameraless photo<\/p>\n<p><strong>Anyag:<\/strong> digitalni print na grafi\u010dkom papiru<\/p>","protected":false},"excerpt":{"rendered":"<p><strong>\u00c1r:<\/strong> 11 800 RSD<\/p>\n<p><strong>Munka t\u00edpusa:<\/strong> fotografija (photogram)<\/p>\n<p><strong>M\u00e9retek:<\/strong> 33&#215;49 cm<\/p>\n<p><strong>M\u0171v\u00e9sz el\u00e9rhet\u0151s\u00e9ge: <\/strong>jovana.reljic@gmail.com | +381693179666<\/p>","protected":false},"featured_media":5551,"template":"","meta":{"inline_featured_image":false},"product_cat":[341],"product_tag":[347],"aioseo_notices":[],"_links":{"self":[{"href":"https:\/\/www.ckplac.org\/hu\/wp-json\/wp\/v2\/product\/5550"}],"collection":[{"href":"https:\/\/www.ckplac.org\/hu\/wp-json\/wp\/v2\/product"}],"about":[{"href":"https:\/\/www.ckplac.org\/hu\/wp-json\/wp\/v2\/types\/product"}],"wp:featuredmedia":[{"embeddable":true,"href":"https:\/\/www.ckplac.org\/hu\/wp-json\/wp\/v2\/media\/5551"}],"wp:attachment":[{"href":"https:\/\/www.ckplac.org\/hu\/wp-json\/wp\/v2\/media?parent=5550"}],"wp:term":[{"taxonomy":"product_cat","embeddable":true,"href":"https:\/\/www.ckplac.org\/hu\/wp-json\/wp\/v2\/product_cat?post=5550"},{"taxonomy":"product_tag","embeddable":true,"href":"https:\/\/www.ckplac.org\/hu\/wp-json\/wp\/v2\/product_tag?post=5550"}],"curies":[{"name":"wp","href":"https:\/\/api.w.org\/{rel}","templated":true}]}}