{"id":5533,"date":"2022-01-27T21:43:04","date_gmt":"2022-01-27T20:43:04","guid":{"rendered":"https:\/\/www.ckplac.org\/?post_type=product&#038;p=5533"},"modified":"2022-01-29T19:53:31","modified_gmt":"2022-01-29T18:53:31","slug":"hair-1","status":"publish","type":"product","link":"https:\/\/www.ckplac.org\/hu\/proizvod\/hair-1\/","title":{"rendered":"Hair 1 \/ Vanja Suboti\u0107"},"content":{"rendered":"<p><strong>M\u0171v\u00e9sz: <\/strong>Vanja Suboti\u0107<\/p>\n<p><strong>Technika:<\/strong> tu\u0161 i tempera na papiru<\/p>\n<p><strong>Anyag:<\/strong> papir<\/p>","protected":false},"excerpt":{"rendered":"<p><strong>\u00c1r:<\/strong> 17550 RSD<\/p>\n<p><strong>Munka t\u00edpusa:<\/strong> crte\u017e (tu\u0161 i tempera na papiru)<\/p>\n<p><strong>M\u00e9retek:<\/strong> 20&#215;18 cm<\/p>\n<p><strong>M\u0171v\u00e9sz el\u00e9rhet\u0151s\u00e9ge:<\/strong> svanjavathy@gmail.com<\/p>","protected":false},"featured_media":5518,"template":"","meta":{"inline_featured_image":false},"product_cat":[351],"product_tag":[344],"aioseo_notices":[],"_links":{"self":[{"href":"https:\/\/www.ckplac.org\/hu\/wp-json\/wp\/v2\/product\/5533"}],"collection":[{"href":"https:\/\/www.ckplac.org\/hu\/wp-json\/wp\/v2\/product"}],"about":[{"href":"https:\/\/www.ckplac.org\/hu\/wp-json\/wp\/v2\/types\/product"}],"wp:featuredmedia":[{"embeddable":true,"href":"https:\/\/www.ckplac.org\/hu\/wp-json\/wp\/v2\/media\/5518"}],"wp:attachment":[{"href":"https:\/\/www.ckplac.org\/hu\/wp-json\/wp\/v2\/media?parent=5533"}],"wp:term":[{"taxonomy":"product_cat","embeddable":true,"href":"https:\/\/www.ckplac.org\/hu\/wp-json\/wp\/v2\/product_cat?post=5533"},{"taxonomy":"product_tag","embeddable":true,"href":"https:\/\/www.ckplac.org\/hu\/wp-json\/wp\/v2\/product_tag?post=5533"}],"curies":[{"name":"wp","href":"https:\/\/api.w.org\/{rel}","templated":true}]}}