{"id":5466,"date":"2022-01-24T21:24:46","date_gmt":"2022-01-24T20:24:46","guid":{"rendered":"https:\/\/www.ckplac.org\/?post_type=product&#038;p=5466"},"modified":"2022-01-29T19:28:25","modified_gmt":"2022-01-29T18:28:25","slug":"skulptura-zena-s-mackom","status":"publish","type":"product","link":"https:\/\/www.ckplac.org\/hu\/proizvod\/skulptura-zena-s-mackom\/","title":{"rendered":"Skulptura &#8222;\u017dena s ma\u010dkom&#8220; \/ Maja Cvijanov Rako\u010devi\u0107"},"content":{"rendered":"<p><strong>M\u0171v\u00e9sz:<\/strong> Maja Cvijanov Rako\u010devi\u0107<\/p>\n<p><strong>Anyag:<\/strong> terakota<\/p>\n<p><strong>Sz\u00edn:<\/strong> bojena terakota (belo i plavo)<\/p>","protected":false},"excerpt":{"rendered":"<p><strong>\u00c1r:<\/strong> 47000 RSD<\/p>\n<p><strong>Munka t\u00edpusa:<\/strong> skulptura<\/p>\n<p><strong>M\u00e9retek:<\/strong> 38x14x10 cm<\/p>\n<p><strong>M\u0171v\u00e9sz el\u00e9rhet\u0151s\u00e9ge:<\/strong> majarakocevic@gmail.com<\/p>","protected":false},"featured_media":5514,"template":"","meta":{"inline_featured_image":false},"product_cat":[331],"product_tag":[332],"aioseo_notices":[],"_links":{"self":[{"href":"https:\/\/www.ckplac.org\/hu\/wp-json\/wp\/v2\/product\/5466"}],"collection":[{"href":"https:\/\/www.ckplac.org\/hu\/wp-json\/wp\/v2\/product"}],"about":[{"href":"https:\/\/www.ckplac.org\/hu\/wp-json\/wp\/v2\/types\/product"}],"wp:featuredmedia":[{"embeddable":true,"href":"https:\/\/www.ckplac.org\/hu\/wp-json\/wp\/v2\/media\/5514"}],"wp:attachment":[{"href":"https:\/\/www.ckplac.org\/hu\/wp-json\/wp\/v2\/media?parent=5466"}],"wp:term":[{"taxonomy":"product_cat","embeddable":true,"href":"https:\/\/www.ckplac.org\/hu\/wp-json\/wp\/v2\/product_cat?post=5466"},{"taxonomy":"product_tag","embeddable":true,"href":"https:\/\/www.ckplac.org\/hu\/wp-json\/wp\/v2\/product_tag?post=5466"}],"curies":[{"name":"wp","href":"https:\/\/api.w.org\/{rel}","templated":true}]}}