{"id":9,"date":"2020-12-18T10:08:46","date_gmt":"2020-12-18T10:08:46","guid":{"rendered":"http:\/\/ckplac.org\/?page_id=9"},"modified":"2021-01-21T09:00:54","modified_gmt":"2021-01-21T08:00:54","slug":"desavanja","status":"publish","type":"page","link":"https:\/\/www.ckplac.org\/hu\/desavanja\/","title":{"rendered":"Esem\u00e9nyek"},"content":{"rendered":"<section class=\"wpb-content-wrapper\"><div      class=\"vc_row wpb_row section vc_row-fluid\" style=' text-align:left;'><div class=\"full_section_inner clearfix\"><div class=\"wpb_column vc_column_container vc_col-sm-12\"><div class=\"vc_column-inner\"><div class=\"wpb_wrapper\"><div class=\"qode-news-holder qode-layout1 qode-news-pag-infinite-scroll qode-news-columns-3 qode-nl-normal-space qode-center-alignment\"  data-post-status=\"publish\" data-ignore-sticky-posts=\"1\" data-posts-per-page=\"9\" data-paged=\"1\" data-max-num-pages=\"37\" data-next-page=\"2\" data-title-tag=\"h5\" data-image-size=\"custom\" data-custom-image-width=\"500\" data-custom-image-height=\"370\" data-display-categories=\"yes\" data-display-excerpt=\"no\" data-display-date=\"yes\" data-display-author=\"no\" data-display-share=\"no\" data-display-hot-trending-icons=\"no\" data-layout=\"qode_layout1\"><div class=\"qode-news-filter\" data-filter-by=\"category\">\n\t\t\t\t<a href=\"\" itemprop=\"url\" class=\"qode-news-filter-item\" data-filter=\"\">All<\/a>\n\t\t\t\t\t<a href=\"\" itemprop=\"url\" class=\"qode-news-filter-item\" data-filter=\"2020\">2020<\/a>\n\t\t\t\t\t<a href=\"\" itemprop=\"url\" class=\"qode-news-filter-item\" data-filter=\"2021\">2021<\/a>\n\t\t\t\t\t<a href=\"\" itemprop=\"url\" class=\"qode-news-filter-item\" data-filter=\"2022\">2022<\/a>\n\t\t\t\t\t<a href=\"\" itemprop=\"url\" class=\"qode-news-filter-item\" data-filter=\"2023\">2023<\/a>\n\t\t\t\t\t<a href=\"\" itemprop=\"url\" class=\"qode-news-filter-item\" data-filter=\"aktuelno\">Aktu\u00e1lis<\/a>\n\t\t\t\t\t<a href=\"\" itemprop=\"url\" class=\"qode-news-filter-item\" data-filter=\"film\">Film<\/a>\n\t\t\t\t\t<a href=\"\" itemprop=\"url\" class=\"qode-news-filter-item\" data-filter=\"fotografija\">F\u00e9nyk\u00e9pez\u00e9s<\/a>\n\t\t\t\t\t<a href=\"\" itemprop=\"url\" class=\"qode-news-filter-item\" data-filter=\"knjizevnost\">Irodalom<\/a>\n\t\t\t\t\t<a href=\"\" itemprop=\"url\" class=\"qode-news-filter-item\" data-filter=\"likovno\">K\u00e9pz\u0151m\u0171v\u00e9szet<\/a>\n\t\t\t\t\t<a href=\"\" itemprop=\"url\" class=\"qode-news-filter-item\" data-filter=\"multimedia\">Multimedia<\/a>\n\t\t\t\t\t<a href=\"\" itemprop=\"url\" class=\"qode-news-filter-item\" data-filter=\"muzika\">Zene<\/a>\n\t\t\t\t\t<a href=\"\" itemprop=\"url\" class=\"qode-news-filter-item\" data-filter=\"ples\">t\u00e1nc<\/a>\n\t\t\t\t\t<a href=\"\" itemprop=\"url\" class=\"qode-news-filter-item\" data-filter=\"pozoriste\">Sz\u00ednh\u00e1z<\/a>\n\t\t\t\t\t<a href=\"\" itemprop=\"url\" class=\"qode-news-filter-item\" data-filter=\"radio\">Radio<\/a>\n\t\t\t\t\t<a href=\"\" itemprop=\"url\" class=\"qode-news-filter-item\" data-filter=\"radionice\">M\u0171helyek<\/a>\n\t\t\t\t\t<a href=\"\" itemprop=\"url\" class=\"qode-news-filter-item\" data-filter=\"uncategorized-sr\">Uncategorized<\/a>\n\t\t<\/div>\n<div class=\"qode-news-filter-loading\">\n\t<div class=\"qode-news-filter-loading-table\">\n\t\t<div class=\"qode-news-filter-loading-table-cell\">\n\t\t\t<div class=\"qode-news-pag-bounce1\"><\/div>\n\t\t\t<div class=\"qode-news-pag-bounce2\"><\/div>\n\t\t\t<div class=\"qode-news-pag-bounce3\"><\/div>\n\t\t<\/div>\n\t<\/div>\n<\/div><div class=\"qode-news-list-inner-holder\" data-number-of-items=\"4\"><div class=\"qode-news-item qode-layout1-item\">\n\t\t<div class=\"qode-news-item-image-holder\">\n\t\t\t<div class=\"qode-post-image\">\n\t    <a itemprop=\"url\" href=\"https:\/\/www.ckplac.org\/hu\/2023\/10\/25\/radio-plac-u-gostima-nemanja-ledenski\/\" title=\"Radio Plac\/U gostima &#8211; Nemanja Ledenski\">\n        <img src=\"https:\/\/www.ckplac.org\/wp-content\/uploads\/2023\/10\/Nemanja-l-1-500x370.jpg\" alt=\"\" width=\"500\" height=\"370\" \/>\t    <\/a>\n\t<\/div>\n        <div class=\"qode-news-image-info-holder-left\">\n\t\t\t        <\/div>\n        <div class=\"qode-news-image-info-holder-right\">\n\t\t\t\t\t<\/div>\n\t<\/div>\n    \t<div class=\"qode-ni-content\">\n        \t<div class=\"qode-post-info-category\">\n\t\t<a href=\"https:\/\/www.ckplac.org\/hu\/category\/aktuelno\/\"><span class=\"qode-category-name\" style=\"background-color:#0a0a0a;\">Aktu\u00e1lis <\/span><\/a>\t<\/div>\n\t\t\n<h5 itemprop=\"name\" class=\"entry-title qode-post-title\">\n    <a itemprop=\"url\" href=\"https:\/\/www.ckplac.org\/hu\/2023\/10\/25\/radio-plac-u-gostima-nemanja-ledenski\/\" title=\"Radio Plac\/U gostima &#8211; Nemanja Ledenski\">\n        Radio Plac\/U gostima &#8211; Nemanja Ledenski    <\/a>\n<\/h5>\t\t\t\t\t<div itemprop=\"dateCreated\" class=\"qode-post-info-date entry-date published updated\">\n\t    \t        <a itemprop=\"url\" href=\"https:\/\/www.ckplac.org\/hu\/2023\/10\/\">\n\t            <i class=\"dripicons-alarm\"><\/i>\n    \t2023\/10\/25        <\/a>\n\t    <meta itemprop=\"interactionCount\" content=\"UserComments: 0\"\/>\n\t<\/div>\n        \t<\/div>\n<\/div><div class=\"qode-news-item qode-layout1-item\">\n\t\t<div class=\"qode-news-item-image-holder\">\n\t\t\t<div class=\"qode-post-image\">\n\t    <a itemprop=\"url\" href=\"https:\/\/www.ckplac.org\/hu\/2023\/09\/20\/filmoskopija-projekcija-filma-teret-i-radionice-filmske-kritike\/\" title=\"FILMOSKOPIJA: Projekcija filma &#8222;Teret&#8220; i radionice filmske kritike\">\n        <img src=\"https:\/\/www.ckplac.org\/wp-content\/uploads\/2023\/09\/unnamed-650x350-1-e1695457216982-500x370.webp\" alt=\"\" width=\"500\" height=\"370\" \/>\t    <\/a>\n\t<\/div>\n        <div class=\"qode-news-image-info-holder-left\">\n\t\t\t        <\/div>\n        <div class=\"qode-news-image-info-holder-right\">\n\t\t\t\t\t<\/div>\n\t<\/div>\n    \t<div class=\"qode-ni-content\">\n        \t<div class=\"qode-post-info-category\">\n\t\t<a href=\"https:\/\/www.ckplac.org\/hu\/category\/aktuelno\/\"><span class=\"qode-category-name\" style=\"background-color:#0a0a0a;\">Aktu\u00e1lis <\/span><\/a>\t<\/div>\n\t\t\n<h5 itemprop=\"name\" class=\"entry-title qode-post-title\">\n    <a itemprop=\"url\" href=\"https:\/\/www.ckplac.org\/hu\/2023\/09\/20\/filmoskopija-projekcija-filma-teret-i-radionice-filmske-kritike\/\" title=\"FILMOSKOPIJA: Projekcija filma &#8222;Teret&#8220; i radionice filmske kritike\">\n        FILMOSKOPIJA: Projekcija filma &#8222;Teret&#8220; i radionice filmske kritike    <\/a>\n<\/h5>\t\t\t\t\t<div itemprop=\"dateCreated\" class=\"qode-post-info-date entry-date published updated\">\n\t    \t        <a itemprop=\"url\" href=\"https:\/\/www.ckplac.org\/hu\/2023\/09\/\">\n\t            <i class=\"dripicons-alarm\"><\/i>\n    \t2023\/09\/20        <\/a>\n\t    <meta itemprop=\"interactionCount\" content=\"UserComments: 0\"\/>\n\t<\/div>\n        \t<\/div>\n<\/div><div class=\"qode-news-item qode-layout1-item\">\n\t\t<div class=\"qode-news-item-image-holder\">\n\t\t\t<div class=\"qode-post-image\">\n\t    <a itemprop=\"url\" href=\"https:\/\/www.ckplac.org\/hu\/2023\/09\/13\/radio-plac-u-gostima-melinda-torok\/\" title=\"Radio Plac\/U gostima &#8211; Melinda Torok\">\n        <img src=\"https:\/\/www.ckplac.org\/wp-content\/uploads\/2023\/09\/melinda-1-500x370.jpg\" alt=\"\" width=\"500\" height=\"370\" \/>\t    <\/a>\n\t<\/div>\n        <div class=\"qode-news-image-info-holder-left\">\n\t\t\t        <\/div>\n        <div class=\"qode-news-image-info-holder-right\">\n\t\t\t\t\t<\/div>\n\t<\/div>\n    \t<div class=\"qode-ni-content\">\n        \t<div class=\"qode-post-info-category\">\n\t\t<a href=\"https:\/\/www.ckplac.org\/hu\/category\/aktuelno\/\"><span class=\"qode-category-name\" style=\"background-color:#0a0a0a;\">Aktu\u00e1lis <\/span><\/a>\t<\/div>\n\t\t\n<h5 itemprop=\"name\" class=\"entry-title qode-post-title\">\n    <a itemprop=\"url\" href=\"https:\/\/www.ckplac.org\/hu\/2023\/09\/13\/radio-plac-u-gostima-melinda-torok\/\" title=\"Radio Plac\/U gostima &#8211; Melinda Torok\">\n        Radio Plac\/U gostima &#8211; Melinda Torok    <\/a>\n<\/h5>\t\t\t\t\t<div itemprop=\"dateCreated\" class=\"qode-post-info-date entry-date published updated\">\n\t    \t        <a itemprop=\"url\" href=\"https:\/\/www.ckplac.org\/hu\/2023\/09\/\">\n\t            <i class=\"dripicons-alarm\"><\/i>\n    \t2023\/09\/13        <\/a>\n\t    <meta itemprop=\"interactionCount\" content=\"UserComments: 0\"\/>\n\t<\/div>\n        \t<\/div>\n<\/div><div class=\"qode-news-item qode-layout1-item\">\n\t\t<div class=\"qode-news-item-image-holder\">\n\t\t\t<div class=\"qode-post-image\">\n\t    <a itemprop=\"url\" href=\"https:\/\/www.ckplac.org\/hu\/2023\/09\/11\/dvorisna-galerija-mirjana-sormaz-mitric-nastavice-se\/\" title=\"UDVARI GAL\u00c9RIA: MIRJANA \u0160ORMAZ MITRI\u0106 \/ FOLYTAT\u00c1SA K\u00d6VETKEZIK\u2026\">\n        <img src=\"https:\/\/www.ckplac.org\/wp-content\/uploads\/2023\/07\/Mimi-fejs-500x370.png\" alt=\"\" width=\"500\" height=\"370\" \/>\t    <\/a>\n\t<\/div>\n        <div class=\"qode-news-image-info-holder-left\">\n\t\t\t        <\/div>\n        <div class=\"qode-news-image-info-holder-right\">\n\t\t\t\t\t<\/div>\n\t<\/div>\n    \t<div class=\"qode-ni-content\">\n        \t<div class=\"qode-post-info-category\">\n\t\t<a href=\"https:\/\/www.ckplac.org\/hu\/category\/aktuelno\/\"><span class=\"qode-category-name\" style=\"background-color:#0a0a0a;\">Aktu\u00e1lis <\/span><\/a>\t<\/div>\n\t\t\n<h5 itemprop=\"name\" class=\"entry-title qode-post-title\">\n    <a itemprop=\"url\" href=\"https:\/\/www.ckplac.org\/hu\/2023\/09\/11\/dvorisna-galerija-mirjana-sormaz-mitric-nastavice-se\/\" title=\"UDVARI GAL\u00c9RIA: MIRJANA \u0160ORMAZ MITRI\u0106 \/ FOLYTAT\u00c1SA K\u00d6VETKEZIK\u2026\">\n        UDVARI GAL\u00c9RIA: MIRJANA \u0160ORMAZ MITRI\u0106 \/ FOLYTAT\u00c1SA K\u00d6VETKEZIK\u2026    <\/a>\n<\/h5>\t\t\t\t\t<div itemprop=\"dateCreated\" class=\"qode-post-info-date entry-date published updated\">\n\t    \t        <a itemprop=\"url\" href=\"https:\/\/www.ckplac.org\/hu\/2023\/09\/\">\n\t            <i class=\"dripicons-alarm\"><\/i>\n    \t2023\/09\/11        <\/a>\n\t    <meta itemprop=\"interactionCount\" content=\"UserComments: 0\"\/>\n\t<\/div>\n        \t<\/div>\n<\/div><div class=\"qode-news-item qode-layout1-item\">\n\t\t<div class=\"qode-news-item-image-holder\">\n\t\t\t<div class=\"qode-post-image\">\n\t    <a itemprop=\"url\" href=\"https:\/\/www.ckplac.org\/hu\/2023\/09\/07\/savremeni-film-marko-grba-singh-rampart\/\" title=\"Savremeni film \/ Marko Grba Singh: Rampart\">\n        <img src=\"https:\/\/www.ckplac.org\/wp-content\/uploads\/2023\/09\/Rampart_Still_02-500x370.jpg\" alt=\"\" width=\"500\" height=\"370\" \/>\t    <\/a>\n\t<\/div>\n        <div class=\"qode-news-image-info-holder-left\">\n\t\t\t        <\/div>\n        <div class=\"qode-news-image-info-holder-right\">\n\t\t\t\t\t<\/div>\n\t<\/div>\n    \t<div class=\"qode-ni-content\">\n        \t<div class=\"qode-post-info-category\">\n\t\t<a href=\"https:\/\/www.ckplac.org\/hu\/category\/aktuelno\/\"><span class=\"qode-category-name\" style=\"background-color:#0a0a0a;\">Aktu\u00e1lis <\/span><\/a>\t<\/div>\n\t\t\n<h5 itemprop=\"name\" class=\"entry-title qode-post-title\">\n    <a itemprop=\"url\" href=\"https:\/\/www.ckplac.org\/hu\/2023\/09\/07\/savremeni-film-marko-grba-singh-rampart\/\" title=\"Savremeni film \/ Marko Grba Singh: Rampart\">\n        Savremeni film \/ Marko Grba Singh: Rampart    <\/a>\n<\/h5>\t\t\t\t\t<div itemprop=\"dateCreated\" class=\"qode-post-info-date entry-date published updated\">\n\t    \t        <a itemprop=\"url\" href=\"https:\/\/www.ckplac.org\/hu\/2023\/09\/\">\n\t            <i class=\"dripicons-alarm\"><\/i>\n    \t2023\/09\/07        <\/a>\n\t    <meta itemprop=\"interactionCount\" content=\"UserComments: 0\"\/>\n\t<\/div>\n        \t<\/div>\n<\/div><div class=\"qode-news-item qode-layout1-item\">\n\t\t<div class=\"qode-news-item-image-holder\">\n\t\t\t<div class=\"qode-post-image\">\n\t    <a itemprop=\"url\" href=\"https:\/\/www.ckplac.org\/hu\/2023\/09\/07\/operacija-smokva\/\" title=\"Operacija SMOKVA\">\n        <img src=\"https:\/\/www.ckplac.org\/wp-content\/uploads\/2023\/09\/viber_image_2023-09-07_10-57-09-911-500x370.jpg\" alt=\"\" width=\"500\" height=\"370\" \/>\t    <\/a>\n\t<\/div>\n        <div class=\"qode-news-image-info-holder-left\">\n\t\t\t        <\/div>\n        <div class=\"qode-news-image-info-holder-right\">\n\t\t\t\t\t<\/div>\n\t<\/div>\n    \t<div class=\"qode-ni-content\">\n        \t<div class=\"qode-post-info-category\">\n\t\t<a href=\"https:\/\/www.ckplac.org\/hu\/category\/aktuelno\/\"><span class=\"qode-category-name\" style=\"background-color:#0a0a0a;\">Aktu\u00e1lis <\/span><\/a>\t<\/div>\n\t\t\n<h5 itemprop=\"name\" class=\"entry-title qode-post-title\">\n    <a itemprop=\"url\" href=\"https:\/\/www.ckplac.org\/hu\/2023\/09\/07\/operacija-smokva\/\" title=\"Operacija SMOKVA\">\n        Operacija SMOKVA    <\/a>\n<\/h5>\t\t\t\t\t<div itemprop=\"dateCreated\" class=\"qode-post-info-date entry-date published updated\">\n\t    \t        <a itemprop=\"url\" href=\"https:\/\/www.ckplac.org\/hu\/2023\/09\/\">\n\t            <i class=\"dripicons-alarm\"><\/i>\n    \t2023\/09\/07        <\/a>\n\t    <meta itemprop=\"interactionCount\" content=\"UserComments: 0\"\/>\n\t<\/div>\n        \t<\/div>\n<\/div><div class=\"qode-news-item qode-layout1-item\">\n\t\t<div class=\"qode-news-item-image-holder\">\n\t\t\t<div class=\"qode-post-image\">\n\t    <a itemprop=\"url\" href=\"https:\/\/www.ckplac.org\/hu\/2023\/09\/04\/dvorisna-galerija-helga-alaker-drvo-zaklonjeno-drvetom\/\" title=\"Dvori\u0161na galerija: Helga Alaker &#8211; Drvo zaklonjeno drvetom\">\n        <img src=\"https:\/\/www.ckplac.org\/wp-content\/uploads\/2023\/09\/372139363_3542338659374414_6015740052036538756_n-500x370.jpg\" alt=\"\" width=\"500\" height=\"370\" \/>\t    <\/a>\n\t<\/div>\n        <div class=\"qode-news-image-info-holder-left\">\n\t\t\t        <\/div>\n        <div class=\"qode-news-image-info-holder-right\">\n\t\t\t\t\t<\/div>\n\t<\/div>\n    \t<div class=\"qode-ni-content\">\n        \t<div class=\"qode-post-info-category\">\n\t\t<a href=\"https:\/\/www.ckplac.org\/hu\/category\/aktuelno\/\"><span class=\"qode-category-name\" style=\"background-color:#0a0a0a;\">Aktu\u00e1lis <\/span><\/a>\t<\/div>\n\t\t\n<h5 itemprop=\"name\" class=\"entry-title qode-post-title\">\n    <a itemprop=\"url\" href=\"https:\/\/www.ckplac.org\/hu\/2023\/09\/04\/dvorisna-galerija-helga-alaker-drvo-zaklonjeno-drvetom\/\" title=\"Dvori\u0161na galerija: Helga Alaker &#8211; Drvo zaklonjeno drvetom\">\n        Dvori\u0161na galerija: Helga Alaker &#8211; Drvo zaklonjeno drvetom    <\/a>\n<\/h5>\t\t\t\t\t<div itemprop=\"dateCreated\" class=\"qode-post-info-date entry-date published updated\">\n\t    \t        <a itemprop=\"url\" href=\"https:\/\/www.ckplac.org\/hu\/2023\/09\/\">\n\t            <i class=\"dripicons-alarm\"><\/i>\n    \t2023\/09\/04        <\/a>\n\t    <meta itemprop=\"interactionCount\" content=\"UserComments: 0\"\/>\n\t<\/div>\n        \t<\/div>\n<\/div><div class=\"qode-news-item qode-layout1-item\">\n\t\t<div class=\"qode-news-item-image-holder\">\n\t\t\t<div class=\"qode-post-image\">\n\t    <a itemprop=\"url\" href=\"https:\/\/www.ckplac.org\/hu\/2023\/08\/30\/radionica-theatre-in-education-sa-adamom-betlenfalvijem\/\" title=\"Radionica :\u201cTheatre in education\u201d sa Adamom Betlenfalvijem\">\n        <img src=\"https:\/\/www.ckplac.org\/wp-content\/uploads\/2023\/08\/radionica-500x370.jpg\" alt=\"\" width=\"500\" height=\"370\" \/>\t    <\/a>\n\t<\/div>\n        <div class=\"qode-news-image-info-holder-left\">\n\t\t\t        <\/div>\n        <div class=\"qode-news-image-info-holder-right\">\n\t\t\t\t\t<\/div>\n\t<\/div>\n    \t<div class=\"qode-ni-content\">\n        \t<div class=\"qode-post-info-category\">\n\t\t<a href=\"https:\/\/www.ckplac.org\/hu\/category\/aktuelno\/\"><span class=\"qode-category-name\" style=\"background-color:#0a0a0a;\">Aktu\u00e1lis <\/span><\/a>\t<\/div>\n\t\t\n<h5 itemprop=\"name\" class=\"entry-title qode-post-title\">\n    <a itemprop=\"url\" href=\"https:\/\/www.ckplac.org\/hu\/2023\/08\/30\/radionica-theatre-in-education-sa-adamom-betlenfalvijem\/\" title=\"Radionica :\u201cTheatre in education\u201d sa Adamom Betlenfalvijem\">\n        Radionica :\u201cTheatre in education\u201d sa Adamom Betlenfalvijem    <\/a>\n<\/h5>\t\t\t\t\t<div itemprop=\"dateCreated\" class=\"qode-post-info-date entry-date published updated\">\n\t    \t        <a itemprop=\"url\" href=\"https:\/\/www.ckplac.org\/hu\/2023\/08\/\">\n\t            <i class=\"dripicons-alarm\"><\/i>\n    \t2023\/08\/30        <\/a>\n\t    <meta itemprop=\"interactionCount\" content=\"UserComments: 0\"\/>\n\t<\/div>\n        \t<\/div>\n<\/div><div class=\"qode-news-item qode-layout1-item\">\n\t\t<div class=\"qode-news-item-image-holder\">\n\t\t\t<div class=\"qode-post-image\">\n\t    <a itemprop=\"url\" href=\"https:\/\/www.ckplac.org\/hu\/2023\/08\/13\/geza-ric-i-iskustvo-iz-dvorisne-galerije\/\" title=\"Geza Ric i iskustvo iz Dvori\u0161ne galerije\">\n        <img src=\"https:\/\/www.ckplac.org\/wp-content\/uploads\/2023\/08\/ricz-geza_15-500x370.jpg\" alt=\"\" width=\"500\" height=\"370\" \/>\t    <\/a>\n\t<\/div>\n        <div class=\"qode-news-image-info-holder-left\">\n\t\t\t        <\/div>\n        <div class=\"qode-news-image-info-holder-right\">\n\t\t\t\t\t<\/div>\n\t<\/div>\n    \t<div class=\"qode-ni-content\">\n        \t<div class=\"qode-post-info-category\">\n\t\t<a href=\"https:\/\/www.ckplac.org\/hu\/category\/aktuelno\/\"><span class=\"qode-category-name\" style=\"background-color:#0a0a0a;\">Aktu\u00e1lis <\/span><\/a>\t<\/div>\n\t\t\n<h5 itemprop=\"name\" class=\"entry-title qode-post-title\">\n    <a itemprop=\"url\" href=\"https:\/\/www.ckplac.org\/hu\/2023\/08\/13\/geza-ric-i-iskustvo-iz-dvorisne-galerije\/\" title=\"Geza Ric i iskustvo iz Dvori\u0161ne galerije\">\n        Geza Ric i iskustvo iz Dvori\u0161ne galerije    <\/a>\n<\/h5>\t\t\t\t\t<div itemprop=\"dateCreated\" class=\"qode-post-info-date entry-date published updated\">\n\t    \t        <a itemprop=\"url\" href=\"https:\/\/www.ckplac.org\/hu\/2023\/08\/\">\n\t            <i class=\"dripicons-alarm\"><\/i>\n    \t2023\/08\/13        <\/a>\n\t    <meta itemprop=\"interactionCount\" content=\"UserComments: 0\"\/>\n\t<\/div>\n        \t<\/div>\n<\/div><\/div>\t<div class=\"qode-news-pag-loading\">\n\t\t<div class=\"qode-news-pag-bounce1\"><\/div>\n\t\t<div class=\"qode-news-pag-bounce2\"><\/div>\n\t\t<div class=\"qode-news-pag-bounce3\"><\/div>\n\t<\/div>\n<\/div><\/div><\/div><\/div><\/div><\/div>\n<\/section>","protected":false},"excerpt":{"rendered":"Autor teksta: Laura \u0160andor . Izlo\u017eba Geze Rica \u201cIza fasade\u201d, umetnika ro\u0111enog u Subotici, koji...","protected":false},"author":1,"featured_media":3178,"parent":0,"menu_order":0,"comment_status":"closed","ping_status":"closed","template":"","meta":{"inline_featured_image":false,"footnotes":""},"aioseo_notices":[],"_links":{"self":[{"href":"https:\/\/www.ckplac.org\/hu\/wp-json\/wp\/v2\/pages\/9"}],"collection":[{"href":"https:\/\/www.ckplac.org\/hu\/wp-json\/wp\/v2\/pages"}],"about":[{"href":"https:\/\/www.ckplac.org\/hu\/wp-json\/wp\/v2\/types\/page"}],"author":[{"embeddable":true,"href":"https:\/\/www.ckplac.org\/hu\/wp-json\/wp\/v2\/users\/1"}],"replies":[{"embeddable":true,"href":"https:\/\/www.ckplac.org\/hu\/wp-json\/wp\/v2\/comments?post=9"}],"version-history":[{"count":28,"href":"https:\/\/www.ckplac.org\/hu\/wp-json\/wp\/v2\/pages\/9\/revisions"}],"predecessor-version":[{"id":2903,"href":"https:\/\/www.ckplac.org\/hu\/wp-json\/wp\/v2\/pages\/9\/revisions\/2903"}],"wp:featuredmedia":[{"embeddable":true,"href":"https:\/\/www.ckplac.org\/hu\/wp-json\/wp\/v2\/media\/3178"}],"wp:attachment":[{"href":"https:\/\/www.ckplac.org\/hu\/wp-json\/wp\/v2\/media?parent=9"}],"curies":[{"name":"wp","href":"https:\/\/api.w.org\/{rel}","templated":true}]}}