{"id":15,"date":"2020-12-18T10:09:56","date_gmt":"2020-12-18T10:09:56","guid":{"rendered":"http:\/\/ckplac.org\/?page_id=15"},"modified":"2023-10-17T19:14:44","modified_gmt":"2023-10-17T17:14:44","slug":"o-nama","status":"publish","type":"page","link":"https:\/\/www.ckplac.org\/hu\/o-nama\/","title":{"rendered":"R\u00f3lunk"},"content":{"rendered":"<section class=\"wpb-content-wrapper\"><div      class=\"vc_row wpb_row section vc_row-fluid\" style=' text-align:left;'><div class=\"full_section_inner clearfix\"><div class=\"wpb_column vc_column_container vc_col-sm-9\"><div class=\"vc_column-inner\"><div class=\"wpb_wrapper\"><div class='q_elements_holder one_column responsive_mode_from_768' ><div class='q_elements_item' data-600-768='0px 10px 30px 10px' data-480-600='0px 10px 30px 10px' data-480='0px 10px 30px 10px' data-animation='no' data-item-class='q_elements_holder_custom_116157'><div class='q_elements_item_inner'><div class='q_elements_item_content q_elements_holder_custom_116157' style='padding:0px 0px 80px 0px'>\n\t<div class=\"wpb_text_column wpb_content_element\">\n\t\t<div class=\"wpb_wrapper\">\n\t\t\t<h6>KORT\u00c1RS KULTUR\u00c1LIS \u00c9S M\u0170V\u00c9SZETI K\u00d6ZPONT, SZABADKA<\/h6>\n<p>&nbsp;<\/p>\n<p>A szabadkai Kort\u00e1rs Kultur\u00e1lis \u00e9s M\u0171v\u00e9szeti K\u00f6zpont egy erny\u0151szervezet, amely 2020. j\u00falius 3-\u00e1n alakult meg Szabadk\u00e1n azzal a c\u00e9llal, hogy n\u00e9pszer\u0171s\u00edtse a modern m\u0171v\u00e9szetet, t\u00e1mogassa a helyi modern alkot\u00f3kat \u00e9s kult\u00farmunk\u00e1sokat, valamint, hogy helyet biztos\u00edtson a szabad kifejez\u00e9snek, a kutat\u00e1snak, a kapocsalt\u00e9p\u00edt\u00e9snek.<\/p>\n<p>&nbsp;<\/p>\n<p>A k\u00f6zpont alap\u00edt\u00f3i k\u00f6z\u00f6tt van t\u00edz szabadkai m\u0171v\u00e9szeti egyes\u00fclet: Klara \u00e9s Rosa Polg\u00e1ri Egyes\u00fclet, Ny\u00e1ri Mozi Sz\u00ednh\u00e1zi K\u00f6z\u00f6ss\u00e9g, Artrust PE, Etnoseft, NoWave Films, Junior Zenest\u00fadi\u00f3 PE, Authentic Vojvodina PE, Iuventus Ventus PE, Symposion PE, Szab-Way Sz\u00ednh\u00e1zi Szervezet PE, valamint sz\u00edn\u00e9szek, t\u00e1ncosok, k\u00e9pz\u0151m\u0171v\u00e9szek, zen\u00e9szek, kult\u00far- \u00e9s ifj\u00fas\u00e1gi munk\u00e1sok.<\/p>\n<p>&nbsp;<\/p>\n<p>....<\/p>\n<p>&nbsp;<\/p>\n<p class=\" translation-block\"><strong>Savet<\/strong> udru\u017eenja \u010dine: Igor \u0160tiks, \u0160pela Tro\u0161t, Sla\u0111ana Petrovi\u0107 Varagi\u0107, Iva \u010cuki\u0107, Vi\u0161nja Kisi\u0107, Jasmina Proli\u0107 i Sabol\u010d Tolnai.<\/p>\n<p>&nbsp;<\/p>\n<p class=\" translation-block\"><strong>Koordinaciono telo<\/strong> \u010dine izvr\u0161ni (Gordana Vukov Ciganjik) i operativni koordinator (Daniela Mamu\u017ei\u0107) i 6 programskih koordinatora: Jelena Gruji\u010di\u0107 (likovna umetnost), Petar Mitri\u0107 (film), \u017du\u017eana Kalmar (pozori\u0161te), Henrieta Varga (ples), Filip Budanovi\u0107 (muzika) i Ilija Vuleti\u0107 (knji\u017eevnost). Oko ideje Centra okupljeni su jo\u0161 mnogi pojedinci koji \u010dine Skup\u0161tinu Centra.<\/p>\n<p>&nbsp;<\/p>\n<p class=\" translation-block\"><strong>Jezici<\/strong> na kojima gradimo prostor razmene, produkcije i prezentacije, razvoja kriti\u010dke misli i aktivizma i programe koji spajaju a ne razdvajaju, su srpsko-hrvatski i ma\u0111arski jezik.<\/p>\n<p>&nbsp;<\/p>\n<p class=\" translation-block\"><strong>Logo:<\/strong> Idejno re\u0161enje logotipa Centra je poteklo od Igora Halasevi\u0107a, Authentic Vojvodina, koji je iz svoje bogate arhive dokumentovanih radova suboti\u010dkih umetnika predlo\u017eio grafiku \u010dije smo konture uzeli za znak Centra. Imre Vinkler je autor originalne grafike.<\/p>\n<p>&nbsp;<\/p>\n<p><b>Radio Plac log\u00f3:<\/b> Nemanja Stojanovi\u0107<\/p>\n<p>&nbsp;<\/p>\n<p><b>Art<\/b>: Svetlana \u017ddrnja<\/p>\n\n\t\t<\/div> \n\t<\/div> <\/div><\/div><\/div><\/div><\/div><\/div><\/div><div class=\"wpb_column vc_column_container vc_col-sm-3\"><div class=\"vc_column-inner\"><div class=\"wpb_wrapper\"><div  class=\"wpb_widgetised_column wpb_content_element\">\n\t\t<div class=\"wpb_wrapper\">\n\t\t\t\n\t\t\t<div id=\"media_image-4\" class=\"widget widget_media_image\"><img width=\"232\" height=\"300\" src=\"https:\/\/www.ckplac.org\/wp-content\/uploads\/2021\/01\/csk-logo-232x300.jpg\" class=\"image wp-image-2950  attachment-medium size-medium\" alt=\"\" decoding=\"async\" style=\"max-width: 100%; height: auto;\" loading=\"lazy\" srcset=\"https:\/\/www.ckplac.org\/wp-content\/uploads\/2021\/01\/csk-logo-232x300.jpg 232w, https:\/\/www.ckplac.org\/wp-content\/uploads\/2021\/01\/csk-logo-600x776.jpg 600w, https:\/\/www.ckplac.org\/wp-content\/uploads\/2021\/01\/csk-logo.jpg 612w\" sizes=\"(max-width: 232px) 100vw, 232px\" \/><\/div>\n\t\t<\/div>\n\t<\/div>\n<\/div><\/div><\/div><\/div><\/div><div   data-q_id=\"#doniraj\"    class=\"vc_row wpb_row section vc_row-fluid\" style=' text-align:left;'><div class=\"full_section_inner clearfix\"><div class=\"wpb_column vc_column_container vc_col-sm-12\"><div class=\"vc_column-inner\"><div class=\"wpb_wrapper\"><div class='q_elements_holder one_column responsive_mode_from_768' ><div class='q_elements_item' data-600-768='0px 10px 50px 10px' data-480-600='0px 10px 50px 10px' data-480='0px 10px 50px 10px' data-animation='no' data-item-class='q_elements_holder_custom_151491'><div class='q_elements_item_inner'><div class='q_elements_item_content q_elements_holder_custom_151491' style='padding:0px 0px 80px 0px'><div class=\"separator  normal\" style=\"background-color: #f2f2f2;\"><\/div>\n<\/div><\/div><\/div><\/div><div      class=\"vc_row wpb_row section vc_row-fluid vc_inner\" style=' text-align:left;'><div class=\"full_section_inner clearfix\"><div class=\"wpb_column vc_column_container vc_col-sm-6\"><div class=\"vc_column-inner\"><div class=\"wpb_wrapper\"><div class='q_elements_holder one_column responsive_mode_from_768' ><div class='q_elements_item' data-1280-1440='0px 30px 80px 0px' data-1024-1280='0px 20px 80px 0px' data-768-1024='0px 10px 80px 0px' data-600-768='0px 10px 30px 10px' data-480-600='0px 10px 30px 10px' data-480='0px 10px 30px 10px' data-animation='no' data-item-class='q_elements_holder_custom_892608'><div class='q_elements_item_inner'><div class='q_elements_item_content q_elements_holder_custom_892608' style='padding:0px 30px 80px 0px'>\n\t<div class=\"wpb_single_image wpb_content_element vc_align_left\">\n\t\t<div class=\"wpb_wrapper\">\n\t\t\t\n\t\t\t<div class=\"vc_single_image-wrapper   vc_box_border_grey\"><img class=\"vc_single_image-img\" src=\"https:\/\/www.ckplac.org\/wp-content\/uploads\/2021\/01\/svetlana-zdrnja-04-600x500.gif\" width=\"600\" height=\"500\" alt=\"svetlana zdrnja 04\" title=\"svetlana zdrnja 04\" \/><\/div>\n\t\t<\/div>\n\t<\/div>\n<\/div><\/div><\/div><\/div><\/div><\/div><\/div><div class=\"wpb_column vc_column_container vc_col-sm-6\"><div class=\"vc_column-inner\"><div class=\"wpb_wrapper\"><div class='q_elements_holder one_column responsive_mode_from_768' ><div class='q_elements_item' data-600-768='0px 10px 50px 10px' data-480-600='0px 10px 50px 10px' data-480='0px 10px 50px 10px' data-animation='no' data-item-class='q_elements_holder_custom_543904'><div class='q_elements_item_inner'><div class='q_elements_item_content q_elements_holder_custom_543904' style='padding:0px 0px 80px 0px'>\n\t<div class=\"wpb_text_column wpb_content_element\">\n\t\t<div class=\"wpb_wrapper\">\n\t\t\t<h6>T\u00e1mogat\u00e1s<\/h6>\n\n\t\t<\/div> \n\t<\/div> \t<div class=\"vc_empty_space\"  style=\"height: 20px\" ><span\n\t\t\tclass=\"vc_empty_space_inner\">\n\t\t\t<span class=\"empty_space_image\"  ><\/span>\n\t\t<\/span><\/div>\n\n\n\t<div class=\"wpb_text_column wpb_content_element\">\n\t\t<div class=\"wpb_wrapper\">\n\t\t\t<p>Ahhoz, hogy havi adom\u00e1nnyal t\u00e1mogatni tudj\u00e1tok a k\u00f6zpont munk\u00e1j\u00e1t, el\u00e9g egyszer jelezni adom\u00e1nyoz\u00f3 sz\u00e1nd\u00e9kotokat, kiv\u00e1lasztani az \u00f6sszeget nagys\u00e1g\u00e1t (1 eur\u00f3 din\u00e1r ellen\u00e9rt\u00e9ke vagy enn\u00e9l t\u00f6bb) \u00e9s ez az \u00f6sszeg minden h\u00f3nap elsej\u00e9n \u00e1tutal\u00e1sra ker\u00fcl a sz\u00e1ml\u00e1nkra. A t\u00e1mogat\u00e1shoz nem sz\u00fcks\u00e9ges deviza foly\u00f3sz\u00e1mla, ugyanis a felt\u00fcntetett \u00f6sszeget a bankotok az aktu\u00e1lis \u00e1rfolyam szerint automatikus \u00e1tv\u00e1ltja. A p\u00e9nzt ford\u00edt\u00e1sra, k\u00f6nyvel\u0151re, r\u00e1di\u00f3ra, programokra stb. haszn\u00e1ljuk fel, amir\u0151l negyed\u00e9venk\u00e9nt k\u00f6zl\u00fcnk t\u00e1j\u00e9koztat\u00f3kat. A seg\u00edts\u00e9getekkel olyan \u00faj \u00e9s \u00fajfajta kultur\u00e1lis tartalmakkal tudjuk gazdagabb\u00e1 tenni v\u00e1rosunkat, amelyekre majd \u00f6r\u00f6mmel tekinthet\u00fcnk vissza.<\/p>\n<p>&nbsp;<\/p>\n<p>Az online r\u00e1di\u00f3 vagy a Kort\u00e1rs Kultur\u00e1lis \u00e9s M\u0171v\u00e9szeti K\u00f6zpont munk\u00e1j\u00e1t a Patreon platformon t\u00e1mogathatj\u00e1tok.<\/p>\n\n\t\t<\/div> \n\t<\/div> \t<div class=\"vc_empty_space\"  style=\"height: 30px\" ><span\n\t\t\tclass=\"vc_empty_space_inner\">\n\t\t\t<span class=\"empty_space_image\"  ><\/span>\n\t\t<\/span><\/div>\n\n<a  itemprop=\"url\" href=\"https:\/\/www.patreon.com\/ckplac\" target=\"_blank\"  class=\"qbutton  default\" style=\"\">T\u00c1MOGASS BENN\u00dcNKET \u279e<\/a><\/div><\/div><\/div><\/div><\/div><\/div><\/div><\/div><\/div><\/div><\/div><\/div><\/div><\/div><div   data-q_id=\"#volontiraj\"    class=\"vc_row wpb_row section vc_row-fluid\" style=' text-align:left;'><div class=\"full_section_inner clearfix\"><div class=\"wpb_column vc_column_container vc_col-sm-12\"><div class=\"vc_column-inner\"><div class=\"wpb_wrapper\"><div class='q_elements_holder one_column responsive_mode_from_768' ><div class='q_elements_item' data-600-768='0px 10px 50px 10px' data-480-600='0px 10px 50px 10px' data-480='0px 10px 50px 10px' data-animation='no' data-item-class='q_elements_holder_custom_113001'><div class='q_elements_item_inner'><div class='q_elements_item_content q_elements_holder_custom_113001' style='padding:0px 0px 80px 0px'><div class=\"separator  normal\" style=\"background-color: #f2f2f2;\"><\/div>\n<\/div><\/div><\/div><\/div><div      class=\"vc_row wpb_row section vc_row-fluid vc_inner\" style=' text-align:left;'><div class=\"full_section_inner clearfix\"><div class=\"wpb_column vc_column_container vc_col-sm-6\"><div class=\"vc_column-inner\"><div class=\"wpb_wrapper\"><div class='q_elements_holder one_column responsive_mode_from_768' ><div class='q_elements_item' data-1280-1440='0px 30px 80px 0px' data-1024-1280='0px 20px 80px 0px' data-768-1024='0px 10px 80px 0px' data-600-768='0px 10px 30px 10px' data-480-600='0px 10px 30px 10px' data-480='0px 10px 30px 10px' data-animation='no' data-item-class='q_elements_holder_custom_251871'><div class='q_elements_item_inner'><div class='q_elements_item_content q_elements_holder_custom_251871' style='padding:0px 30px 80px 0px'>\n\t<div class=\"wpb_single_image wpb_content_element vc_align_left\">\n\t\t<div class=\"wpb_wrapper\">\n\t\t\t\n\t\t\t<div class=\"vc_single_image-wrapper   vc_box_border_grey\"><img class=\"vc_single_image-img\" src=\"https:\/\/www.ckplac.org\/wp-content\/uploads\/2021\/01\/svetlana-zdrnja-01-600x500.gif\" width=\"600\" height=\"500\" alt=\"svetlana zdrnja 01\" title=\"svetlana zdrnja 01\" \/><\/div>\n\t\t<\/div>\n\t<\/div>\n<\/div><\/div><\/div><\/div><\/div><\/div><\/div><div class=\"wpb_column vc_column_container vc_col-sm-6\"><div class=\"vc_column-inner\"><div class=\"wpb_wrapper\"><div class='q_elements_holder one_column responsive_mode_from_768' ><div class='q_elements_item' data-600-768='0px 10px 50px 10px' data-480-600='0px 10px 50px 10px' data-480='0px 10px 50px 10px' data-animation='no' data-item-class='q_elements_holder_custom_850635'><div class='q_elements_item_inner'><div class='q_elements_item_content q_elements_holder_custom_850635' style='padding:0px 0px 80px 0px'>\n\t<div class=\"wpb_text_column wpb_content_element\">\n\t\t<div class=\"wpb_wrapper\">\n\t\t\t<h6>\u00d6nk\u00e9nteskedj<\/h6>\n\n\t\t<\/div> \n\t<\/div> \t<div class=\"vc_empty_space\"  style=\"height: 20px\" ><span\n\t\t\tclass=\"vc_empty_space_inner\">\n\t\t\t<span class=\"empty_space_image\"  ><\/span>\n\t\t<\/span><\/div>\n\n<blockquote class='with_quote_icon' style=''><i class='fa fa-quote-right' style=''><\/i><h5 class='blockquote-text' style=''>\u201eAz emberek egy kis kreat\u00edv<br \/>\ncsoportja meg tudja v\u00e1ltoztatni a vil\u00e1got.<br \/>\nTulajdonk\u00e9ppen eddig is kiz\u00e1r\u00f3lag \u0151k csin\u00e1lt\u00e1k ezt \u2026\u201d<\/p>\n<p>Margaret Mead<\/h5><\/blockquote>\t<div class=\"vc_empty_space\"  style=\"height: 20px\" ><span\n\t\t\tclass=\"vc_empty_space_inner\">\n\t\t\t<span class=\"empty_space_image\"  ><\/span>\n\t\t<\/span><\/div>\n\n\n\t<div class=\"wpb_text_column wpb_content_element\">\n\t\t<div class=\"wpb_wrapper\">\n\t\t\t<p>Kis akci\u00f3kkal \u00e9s l\u00e9ptekkel tudunk hozz\u00e1j\u00e1rulni a t\u00e1rsadalmi v\u00e1ltoz\u00e1sokhoz, el\u0151bb helyben, majd k\u00e9s\u0151bb t\u00e1gabb k\u00f6rben is. Azzal tudod t\u00e1mogatni a kezdem\u00e9nyez\u00e9s\u00fcnket, ha \u00f6nk\u00e9ntes, munkat\u00e1rs, partner, don\u00e1tor, rekl\u00e1moz\u00f3, aktivista vagy t\u00e1mogat\u00f3 leszel.<\/p>\n\n\t\t<\/div> \n\t<\/div> \t<div class=\"vc_empty_space\"  style=\"height: 30px\" ><span\n\t\t\tclass=\"vc_empty_space_inner\">\n\t\t\t<span class=\"empty_space_image\"  ><\/span>\n\t\t<\/span><\/div>\n\n<a  itemprop=\"url\" href=\"https:\/\/www.ckplac.org\/kontakt\/\" target=\"_self\"  class=\"qbutton  default\" style=\"\">REGISZTR\u00c1CI\u00d3 \u279e<\/a><\/div><\/div><\/div><\/div><\/div><\/div><\/div><\/div><\/div><\/div><\/div><\/div><\/div><\/div>\n<\/section>","protected":false},"excerpt":{"rendered":"Centar za savremenu kulturu i umetnost, Subotica &nbsp; Centar za savremenu kulturu i umetnost, Subotica,...","protected":false},"author":1,"featured_media":2950,"parent":0,"menu_order":0,"comment_status":"closed","ping_status":"closed","template":"","meta":{"inline_featured_image":false,"footnotes":""},"aioseo_notices":[],"_links":{"self":[{"href":"https:\/\/www.ckplac.org\/hu\/wp-json\/wp\/v2\/pages\/15"}],"collection":[{"href":"https:\/\/www.ckplac.org\/hu\/wp-json\/wp\/v2\/pages"}],"about":[{"href":"https:\/\/www.ckplac.org\/hu\/wp-json\/wp\/v2\/types\/page"}],"author":[{"embeddable":true,"href":"https:\/\/www.ckplac.org\/hu\/wp-json\/wp\/v2\/users\/1"}],"replies":[{"embeddable":true,"href":"https:\/\/www.ckplac.org\/hu\/wp-json\/wp\/v2\/comments?post=15"}],"version-history":[{"count":92,"href":"https:\/\/www.ckplac.org\/hu\/wp-json\/wp\/v2\/pages\/15\/revisions"}],"predecessor-version":[{"id":7461,"href":"https:\/\/www.ckplac.org\/hu\/wp-json\/wp\/v2\/pages\/15\/revisions\/7461"}],"wp:featuredmedia":[{"embeddable":true,"href":"https:\/\/www.ckplac.org\/hu\/wp-json\/wp\/v2\/media\/2950"}],"wp:attachment":[{"href":"https:\/\/www.ckplac.org\/hu\/wp-json\/wp\/v2\/media?parent=15"}],"curies":[{"name":"wp","href":"https:\/\/api.w.org\/{rel}","templated":true}]}}