{"id":5828,"date":"2022-03-05T20:51:52","date_gmt":"2022-03-05T19:51:52","guid":{"rendered":"https:\/\/www.ckplac.org\/?post_type=product&#038;p=5828"},"modified":"2023-03-02T16:55:37","modified_gmt":"2023-03-02T15:55:37","slug":"working-mothers-radne-majke","status":"publish","type":"product","link":"https:\/\/www.ckplac.org\/en\/proizvod\/working-mothers-radne-majke\/","title":{"rendered":"Working mothers (Radne majke ) \/ Jelena Gruji\u010di\u0107"},"content":{"rendered":"<p>Svaki rad je unikatan ru\u010dni rad jer se svaki vez radi u razli\u010ditoj boji<\/p>\n<p><strong>Umetnik:\u00a0<\/strong>Jelena Gruji\u010di\u0107<\/p>\n<p><strong>Tehnika: <\/strong>sito \u0161tampa i ru\u010dni vez na pamuku<\/p>\n<p><strong>Materijal:<\/strong> pamuk<\/p>\n<p><strong>Boja: <\/strong>siva<\/p>\n<p><strong>Varijacija proizvoda: <\/strong>na razli\u010ditim bojama materijala<\/p>","protected":false},"excerpt":{"rendered":"<p><strong>Cena:<\/strong> 28000 RSD<\/p>\n<p><strong>Vrsta dela:<\/strong> slika<\/p>\n<p><strong>Dimenzije: <\/strong>A\/O 45&#215;60 cm, 2020<\/p>\n<p><strong>Kontakt umetnice:<\/strong> jelenacontact@gmail.com | +381631794857<\/p>","protected":false},"featured_media":5625,"template":"","meta":{"inline_featured_image":false},"product_cat":[343],"product_tag":[352],"aioseo_notices":[],"_links":{"self":[{"href":"https:\/\/www.ckplac.org\/en\/wp-json\/wp\/v2\/product\/5828"}],"collection":[{"href":"https:\/\/www.ckplac.org\/en\/wp-json\/wp\/v2\/product"}],"about":[{"href":"https:\/\/www.ckplac.org\/en\/wp-json\/wp\/v2\/types\/product"}],"wp:featuredmedia":[{"embeddable":true,"href":"https:\/\/www.ckplac.org\/en\/wp-json\/wp\/v2\/media\/5625"}],"wp:attachment":[{"href":"https:\/\/www.ckplac.org\/en\/wp-json\/wp\/v2\/media?parent=5828"}],"wp:term":[{"taxonomy":"product_cat","embeddable":true,"href":"https:\/\/www.ckplac.org\/en\/wp-json\/wp\/v2\/product_cat?post=5828"},{"taxonomy":"product_tag","embeddable":true,"href":"https:\/\/www.ckplac.org\/en\/wp-json\/wp\/v2\/product_tag?post=5828"}],"curies":[{"name":"wp","href":"https:\/\/api.w.org\/{rel}","templated":true}]}}