{"id":3816,"date":"2021-04-07T11:38:48","date_gmt":"2021-04-07T09:38:48","guid":{"rendered":"https:\/\/www.ckplac.org\/?page_id=3816"},"modified":"2021-06-21T11:34:10","modified_gmt":"2021-06-21T09:34:10","slug":"kerulj-be-ifjusagi-musor","status":"publish","type":"page","link":"https:\/\/www.ckplac.org\/en\/plac-radio\/kerulj-be-ifjusagi-musor\/","title":{"rendered":"Ker\u00fclj Be\nYouth Programme"},"content":{"rendered":"<section class=\"wpb-content-wrapper\"><div      class=\"vc_row wpb_row section vc_row-fluid\" style=' text-align:left;'><div class=\"full_section_inner clearfix\"><div class=\"wpb_column vc_column_container vc_col-sm-4\"><div class=\"vc_column-inner\"><div class=\"wpb_wrapper\"><div class='q_elements_holder one_column responsive_mode_from_768' ><div class='q_elements_item' data-600-768='0px 10px 40px 10px' data-480-600='0px 10px 40px 10px' data-480='0px 10px 40px 10px' data-animation='no' data-item-class='q_elements_holder_custom_918059'><div class='q_elements_item_inner'><div class='q_elements_item_content q_elements_holder_custom_918059' style='padding:0px 0px 0px 0px'>\n\t<div class=\"wpb_single_image wpb_content_element vc_align_left\">\n\t\t<div class=\"wpb_wrapper\">\n\t\t\t\n\t\t\t<div class=\"vc_single_image-wrapper   vc_box_border_grey\"><img class=\"vc_single_image-img\" src=\"https:\/\/www.ckplac.org\/wp-content\/uploads\/2021\/04\/radio-kerulj-be-kep-600x600.jpg\" width=\"600\" height=\"600\" alt=\"radio kerulj be kep\" title=\"radio kerulj be kep\" \/><\/div>\n\t\t<\/div>\n\t<\/div>\n\t<div class=\"vc_empty_space\"  style=\"height: 20px\" ><span\n\t\t\tclass=\"vc_empty_space_inner\">\n\t\t\t<span class=\"empty_space_image\"  ><\/span>\n\t\t<\/span><\/div>\n\n<div class=\"social_share_list_holder\"><span>Share on: <\/span><ul><li class=\"facebook_share\"><a title=\"Share on Facebook\" href=\"javascript:void(0)\" onclick=\"window.open('http:\/\/www.facebook.com\/sharer.php?u=https%3A%2F%2Fwww.ckplac.org%2Fen%2Fplac-radio%2Fkerulj-be-ifjusagi-musor%2F', 'sharer', 'toolbar=0,status=0,width=620,height=280');\"><i class=\"fa fa-facebook\"><\/i><\/a><\/li><li class=\"twitter_share\"><a href=\"#\" title=\"Share on Twitter\" onclick=\"popUp=window.open('http:\/\/twitter.com\/home?status=https:\/\/www.ckplac.org\/en\/plac-radio\/kerulj-be-ifjusagi-musor\/', 'popupwindow', 'scrollbars=yes,width=800,height=400');popUp.focus();return false;\"><i class=\"fa fa-twitter\"><\/i><\/a><\/li><li  class=\"pinterest_share\"><a href=\"#\" title=\"Share on Pinterest\" onclick=\"popUp=window.open('http:\/\/pinterest.com\/pin\/create\/button\/?url=https%3A%2F%2Fwww.ckplac.org%2Fen%2Fplac-radio%2Fkerulj-be-ifjusagi-musor%2F&amp;description=Ker\u00fclj Be omladinski program&amp;media=https%3A%2F%2Fwww.ckplac.org%2Fwp-content%2Fuploads%2F2021%2F04%2Fradio-kerulj-be-kep.jpg', 'popupwindow', 'scrollbars=yes,width=800,height=400');popUp.focus();return false\"><i class=\"fa fa-pinterest\"><\/i><\/a><\/li><\/ul><\/div><\/div><\/div><\/div><\/div><\/div><\/div><\/div><div class=\"wpb_column vc_column_container vc_col-sm-8\"><div class=\"vc_column-inner\"><div class=\"wpb_wrapper\"><div class='q_elements_holder one_column responsive_mode_from_768' ><div class='q_elements_item' data-600-768='0px 10px 40px 10px' data-480-600='0px 10px 40px 10px' data-480='0px 10px 40px 10px' data-animation='no' data-item-class='q_elements_holder_custom_429368'><div class='q_elements_item_inner'><div class='q_elements_item_content q_elements_holder_custom_429368' style='padding:0px 0px 60px 30px'>\n\t<div class=\"wpb_text_column wpb_content_element\">\n\t\t<div class=\"wpb_wrapper\">\n\t\t\t<h6>O emisiji<\/h6>\n\n\t\t<\/div> \n\t<\/div> <div class=\"separator  normal\" style=\"background-color: #f2f2f2;height: 1px;\"><\/div>\n\t<div class=\"vc_empty_space\"  style=\"height: 20px\" ><span\n\t\t\tclass=\"vc_empty_space_inner\">\n\t\t\t<span class=\"empty_space_image\"  ><\/span>\n\t\t<\/span><\/div>\n\n\n\t<div class=\"wpb_text_column wpb_content_element\">\n\t\t<div class=\"wpb_wrapper\">\n\t\t\t<p>Omladinski klub Ker\u00fclj Be je prvi je prostor omladinske zajednice u Vojvodini, podr\u017ean od strane Ma\u0111arskog nacionalnog vec\u0301a i Bethlen Gabor fondacije. Mladi koji se tu okupljaju poku\u0161avaju da okupe omladinu Vojvodine i zajedno organizuju kulturne, umetni\u010dke i omladinske programe za svoju generaciju.<\/p>\n<p>&nbsp;<\/p>\n<p>Kroz ovu radio emisiju \u017eelimo da slu\u0161aocima radija prenesemo razne aktivnosti mlade generacije u Subotici i otkrijemo njihove talente.<\/p>\n<p>&nbsp;<\/p>\n\n\t\t<style type=\"text\/css\">\n\t\t\t#gallery-1 {\n\t\t\t\tmargin: auto;\n\t\t\t}\n\t\t\t#gallery-1 .gallery-item {\n\t\t\t\tfloat: left;\n\t\t\t\tmargin-top: 10px;\n\t\t\t\ttext-align: center;\n\t\t\t\twidth: 33%;\n\t\t\t}\n\t\t\t#gallery-1 img {\n\t\t\t\tborder: 2px solid #cfcfcf;\n\t\t\t}\n\t\t\t#gallery-1 .gallery-caption {\n\t\t\t\tmargin-left: 0;\n\t\t\t}\n\t\t\t\/* see gallery_shortcode() in wp-includes\/media.php *\/\n\t\t<\/style>\n\t\t<div id='gallery-1' class='gallery galleryid-3816 gallery-columns-3 gallery-size-thumbnail'><dl class='gallery-item'>\n\t\t\t<dt class='gallery-icon landscape'>\n\t\t\t\t<a href='https:\/\/www.ckplac.org\/en\/?attachment_id=3815'><img width=\"150\" height=\"150\" src=\"https:\/\/www.ckplac.org\/wp-content\/uploads\/2021\/04\/82627447_1430147813814628_6000876311097114624_n-150x150.jpg\" class=\"attachment-thumbnail size-thumbnail\" alt=\"\" decoding=\"async\" loading=\"lazy\" srcset=\"https:\/\/www.ckplac.org\/wp-content\/uploads\/2021\/04\/82627447_1430147813814628_6000876311097114624_n-150x150.jpg 150w, https:\/\/www.ckplac.org\/wp-content\/uploads\/2021\/04\/82627447_1430147813814628_6000876311097114624_n-300x300.jpg 300w, https:\/\/www.ckplac.org\/wp-content\/uploads\/2021\/04\/82627447_1430147813814628_6000876311097114624_n-100x100.jpg 100w, https:\/\/www.ckplac.org\/wp-content\/uploads\/2021\/04\/82627447_1430147813814628_6000876311097114624_n-600x600.jpg 600w, https:\/\/www.ckplac.org\/wp-content\/uploads\/2021\/04\/82627447_1430147813814628_6000876311097114624_n-1024x1024.jpg 1024w, https:\/\/www.ckplac.org\/wp-content\/uploads\/2021\/04\/82627447_1430147813814628_6000876311097114624_n-768x768.jpg 768w, https:\/\/www.ckplac.org\/wp-content\/uploads\/2021\/04\/82627447_1430147813814628_6000876311097114624_n-12x12.jpg 12w, https:\/\/www.ckplac.org\/wp-content\/uploads\/2021\/04\/82627447_1430147813814628_6000876311097114624_n-570x570.jpg 570w, https:\/\/www.ckplac.org\/wp-content\/uploads\/2021\/04\/82627447_1430147813814628_6000876311097114624_n-500x500.jpg 500w, https:\/\/www.ckplac.org\/wp-content\/uploads\/2021\/04\/82627447_1430147813814628_6000876311097114624_n-1000x1000.jpg 1000w, https:\/\/www.ckplac.org\/wp-content\/uploads\/2021\/04\/82627447_1430147813814628_6000876311097114624_n-700x700.jpg 700w, https:\/\/www.ckplac.org\/wp-content\/uploads\/2021\/04\/82627447_1430147813814628_6000876311097114624_n.jpg 1440w\" sizes=\"(max-width: 150px) 100vw, 150px\" \/><\/a>\n\t\t\t<\/dt><\/dl><dl class='gallery-item'>\n\t\t\t<dt class='gallery-icon landscape'>\n\t\t\t\t<a href='https:\/\/www.ckplac.org\/en\/plac-radio\/kerulj-be-ifjusagi-musor\/87182592_1463542077141868_5053162206384881664_n\/'><img width=\"150\" height=\"150\" src=\"https:\/\/www.ckplac.org\/wp-content\/uploads\/2021\/04\/87182592_1463542077141868_5053162206384881664_n-150x150.jpg\" class=\"attachment-thumbnail size-thumbnail\" alt=\"\" decoding=\"async\" loading=\"lazy\" srcset=\"https:\/\/www.ckplac.org\/wp-content\/uploads\/2021\/04\/87182592_1463542077141868_5053162206384881664_n-150x150.jpg 150w, https:\/\/www.ckplac.org\/wp-content\/uploads\/2021\/04\/87182592_1463542077141868_5053162206384881664_n-300x300.jpg 300w, https:\/\/www.ckplac.org\/wp-content\/uploads\/2021\/04\/87182592_1463542077141868_5053162206384881664_n-100x100.jpg 100w, https:\/\/www.ckplac.org\/wp-content\/uploads\/2021\/04\/87182592_1463542077141868_5053162206384881664_n-600x600.jpg 600w, https:\/\/www.ckplac.org\/wp-content\/uploads\/2021\/04\/87182592_1463542077141868_5053162206384881664_n-1024x1024.jpg 1024w, https:\/\/www.ckplac.org\/wp-content\/uploads\/2021\/04\/87182592_1463542077141868_5053162206384881664_n-768x768.jpg 768w, https:\/\/www.ckplac.org\/wp-content\/uploads\/2021\/04\/87182592_1463542077141868_5053162206384881664_n-12x12.jpg 12w, https:\/\/www.ckplac.org\/wp-content\/uploads\/2021\/04\/87182592_1463542077141868_5053162206384881664_n-570x570.jpg 570w, https:\/\/www.ckplac.org\/wp-content\/uploads\/2021\/04\/87182592_1463542077141868_5053162206384881664_n-500x500.jpg 500w, https:\/\/www.ckplac.org\/wp-content\/uploads\/2021\/04\/87182592_1463542077141868_5053162206384881664_n-1000x1000.jpg 1000w, https:\/\/www.ckplac.org\/wp-content\/uploads\/2021\/04\/87182592_1463542077141868_5053162206384881664_n-700x700.jpg 700w, https:\/\/www.ckplac.org\/wp-content\/uploads\/2021\/04\/87182592_1463542077141868_5053162206384881664_n.jpg 1440w\" sizes=\"(max-width: 150px) 100vw, 150px\" \/><\/a>\n\t\t\t<\/dt><\/dl><dl class='gallery-item'>\n\t\t\t<dt class='gallery-icon landscape'>\n\t\t\t\t<a href='https:\/\/www.ckplac.org\/en\/plac-radio\/kerulj-be-ifjusagi-musor\/73523554_1363142130515197_3032997538115354624_n\/'><img width=\"150\" height=\"150\" src=\"https:\/\/www.ckplac.org\/wp-content\/uploads\/2021\/04\/73523554_1363142130515197_3032997538115354624_n-150x150.jpg\" class=\"attachment-thumbnail size-thumbnail\" alt=\"\" decoding=\"async\" loading=\"lazy\" srcset=\"https:\/\/www.ckplac.org\/wp-content\/uploads\/2021\/04\/73523554_1363142130515197_3032997538115354624_n-150x150.jpg 150w, https:\/\/www.ckplac.org\/wp-content\/uploads\/2021\/04\/73523554_1363142130515197_3032997538115354624_n-300x300.jpg 300w, https:\/\/www.ckplac.org\/wp-content\/uploads\/2021\/04\/73523554_1363142130515197_3032997538115354624_n-100x100.jpg 100w, https:\/\/www.ckplac.org\/wp-content\/uploads\/2021\/04\/73523554_1363142130515197_3032997538115354624_n-570x570.jpg 570w, https:\/\/www.ckplac.org\/wp-content\/uploads\/2021\/04\/73523554_1363142130515197_3032997538115354624_n-500x500.jpg 500w, https:\/\/www.ckplac.org\/wp-content\/uploads\/2021\/04\/73523554_1363142130515197_3032997538115354624_n-1000x1000.jpg 1000w\" sizes=\"(max-width: 150px) 100vw, 150px\" \/><\/a>\n\t\t\t<\/dt><\/dl><br style=\"clear: both\" \/><dl class='gallery-item'>\n\t\t\t<dt class='gallery-icon landscape'>\n\t\t\t\t<a href='https:\/\/www.ckplac.org\/en\/plac-radio\/kerulj-be-ifjusagi-musor\/78322336_1378549785641098_1932677863782219776_n\/'><img width=\"150\" height=\"150\" src=\"https:\/\/www.ckplac.org\/wp-content\/uploads\/2021\/04\/78322336_1378549785641098_1932677863782219776_n-150x150.jpg\" class=\"attachment-thumbnail size-thumbnail\" alt=\"\" decoding=\"async\" loading=\"lazy\" srcset=\"https:\/\/www.ckplac.org\/wp-content\/uploads\/2021\/04\/78322336_1378549785641098_1932677863782219776_n-150x150.jpg 150w, https:\/\/www.ckplac.org\/wp-content\/uploads\/2021\/04\/78322336_1378549785641098_1932677863782219776_n-300x300.jpg 300w, https:\/\/www.ckplac.org\/wp-content\/uploads\/2021\/04\/78322336_1378549785641098_1932677863782219776_n-100x100.jpg 100w, https:\/\/www.ckplac.org\/wp-content\/uploads\/2021\/04\/78322336_1378549785641098_1932677863782219776_n-570x570.jpg 570w, https:\/\/www.ckplac.org\/wp-content\/uploads\/2021\/04\/78322336_1378549785641098_1932677863782219776_n-500x500.jpg 500w, https:\/\/www.ckplac.org\/wp-content\/uploads\/2021\/04\/78322336_1378549785641098_1932677863782219776_n-1000x1000.jpg 1000w\" sizes=\"(max-width: 150px) 100vw, 150px\" \/><\/a>\n\t\t\t<\/dt><\/dl><dl class='gallery-item'>\n\t\t\t<dt class='gallery-icon landscape'>\n\t\t\t\t<a href='https:\/\/www.ckplac.org\/en\/plac-radio\/kerulj-be-ifjusagi-musor\/80077933_1406857962810280_4036195649559986176_n\/'><img width=\"150\" height=\"150\" src=\"https:\/\/www.ckplac.org\/wp-content\/uploads\/2021\/04\/80077933_1406857962810280_4036195649559986176_n-150x150.jpg\" class=\"attachment-thumbnail size-thumbnail\" alt=\"\" decoding=\"async\" loading=\"lazy\" srcset=\"https:\/\/www.ckplac.org\/wp-content\/uploads\/2021\/04\/80077933_1406857962810280_4036195649559986176_n-150x150.jpg 150w, https:\/\/www.ckplac.org\/wp-content\/uploads\/2021\/04\/80077933_1406857962810280_4036195649559986176_n-300x300.jpg 300w, https:\/\/www.ckplac.org\/wp-content\/uploads\/2021\/04\/80077933_1406857962810280_4036195649559986176_n-100x100.jpg 100w, https:\/\/www.ckplac.org\/wp-content\/uploads\/2021\/04\/80077933_1406857962810280_4036195649559986176_n-570x570.jpg 570w, https:\/\/www.ckplac.org\/wp-content\/uploads\/2021\/04\/80077933_1406857962810280_4036195649559986176_n-500x500.jpg 500w, https:\/\/www.ckplac.org\/wp-content\/uploads\/2021\/04\/80077933_1406857962810280_4036195649559986176_n-1000x1000.jpg 1000w\" sizes=\"(max-width: 150px) 100vw, 150px\" \/><\/a>\n\t\t\t<\/dt><\/dl><dl class='gallery-item'>\n\t\t\t<dt class='gallery-icon landscape'>\n\t\t\t\t<a href='https:\/\/www.ckplac.org\/en\/plac-radio\/kerulj-be-ifjusagi-musor\/80367409_1397335933762483_5507173823331434496_n\/'><img width=\"150\" height=\"150\" src=\"https:\/\/www.ckplac.org\/wp-content\/uploads\/2021\/04\/80367409_1397335933762483_5507173823331434496_n-150x150.jpg\" class=\"attachment-thumbnail size-thumbnail\" alt=\"\" decoding=\"async\" loading=\"lazy\" srcset=\"https:\/\/www.ckplac.org\/wp-content\/uploads\/2021\/04\/80367409_1397335933762483_5507173823331434496_n-150x150.jpg 150w, https:\/\/www.ckplac.org\/wp-content\/uploads\/2021\/04\/80367409_1397335933762483_5507173823331434496_n-300x300.jpg 300w, https:\/\/www.ckplac.org\/wp-content\/uploads\/2021\/04\/80367409_1397335933762483_5507173823331434496_n-100x100.jpg 100w, https:\/\/www.ckplac.org\/wp-content\/uploads\/2021\/04\/80367409_1397335933762483_5507173823331434496_n-570x570.jpg 570w, https:\/\/www.ckplac.org\/wp-content\/uploads\/2021\/04\/80367409_1397335933762483_5507173823331434496_n-500x500.jpg 500w, https:\/\/www.ckplac.org\/wp-content\/uploads\/2021\/04\/80367409_1397335933762483_5507173823331434496_n-1000x1000.jpg 1000w\" sizes=\"(max-width: 150px) 100vw, 150px\" \/><\/a>\n\t\t\t<\/dt><\/dl><br style=\"clear: both\" \/><dl class='gallery-item'>\n\t\t\t<dt class='gallery-icon landscape'>\n\t\t\t\t<a href='https:\/\/www.ckplac.org\/en\/plac-radio\/kerulj-be-ifjusagi-musor\/82567202_1430147893814620_3797237374451187712_n\/'><img width=\"150\" height=\"150\" src=\"https:\/\/www.ckplac.org\/wp-content\/uploads\/2021\/04\/82567202_1430147893814620_3797237374451187712_n-150x150.jpg\" class=\"attachment-thumbnail size-thumbnail\" alt=\"\" decoding=\"async\" loading=\"lazy\" srcset=\"https:\/\/www.ckplac.org\/wp-content\/uploads\/2021\/04\/82567202_1430147893814620_3797237374451187712_n-150x150.jpg 150w, https:\/\/www.ckplac.org\/wp-content\/uploads\/2021\/04\/82567202_1430147893814620_3797237374451187712_n-300x300.jpg 300w, https:\/\/www.ckplac.org\/wp-content\/uploads\/2021\/04\/82567202_1430147893814620_3797237374451187712_n-100x100.jpg 100w, https:\/\/www.ckplac.org\/wp-content\/uploads\/2021\/04\/82567202_1430147893814620_3797237374451187712_n-600x600.jpg 600w, https:\/\/www.ckplac.org\/wp-content\/uploads\/2021\/04\/82567202_1430147893814620_3797237374451187712_n-1024x1024.jpg 1024w, https:\/\/www.ckplac.org\/wp-content\/uploads\/2021\/04\/82567202_1430147893814620_3797237374451187712_n-768x768.jpg 768w, https:\/\/www.ckplac.org\/wp-content\/uploads\/2021\/04\/82567202_1430147893814620_3797237374451187712_n-12x12.jpg 12w, https:\/\/www.ckplac.org\/wp-content\/uploads\/2021\/04\/82567202_1430147893814620_3797237374451187712_n-570x570.jpg 570w, https:\/\/www.ckplac.org\/wp-content\/uploads\/2021\/04\/82567202_1430147893814620_3797237374451187712_n-500x500.jpg 500w, https:\/\/www.ckplac.org\/wp-content\/uploads\/2021\/04\/82567202_1430147893814620_3797237374451187712_n-1000x1000.jpg 1000w, https:\/\/www.ckplac.org\/wp-content\/uploads\/2021\/04\/82567202_1430147893814620_3797237374451187712_n-700x700.jpg 700w, https:\/\/www.ckplac.org\/wp-content\/uploads\/2021\/04\/82567202_1430147893814620_3797237374451187712_n.jpg 1440w\" sizes=\"(max-width: 150px) 100vw, 150px\" \/><\/a>\n\t\t\t<\/dt><\/dl><dl class='gallery-item'>\n\t\t\t<dt class='gallery-icon landscape'>\n\t\t\t\t<a href='https:\/\/www.ckplac.org\/en\/plac-radio\/kerulj-be-ifjusagi-musor\/82627447_1430147813814628_6000876311097114624_n-2\/'><img width=\"150\" height=\"150\" src=\"https:\/\/www.ckplac.org\/wp-content\/uploads\/2021\/04\/82627447_1430147813814628_6000876311097114624_n-1-150x150.jpg\" class=\"attachment-thumbnail size-thumbnail\" alt=\"\" decoding=\"async\" loading=\"lazy\" srcset=\"https:\/\/www.ckplac.org\/wp-content\/uploads\/2021\/04\/82627447_1430147813814628_6000876311097114624_n-1-150x150.jpg 150w, https:\/\/www.ckplac.org\/wp-content\/uploads\/2021\/04\/82627447_1430147813814628_6000876311097114624_n-1-300x300.jpg 300w, https:\/\/www.ckplac.org\/wp-content\/uploads\/2021\/04\/82627447_1430147813814628_6000876311097114624_n-1-100x100.jpg 100w, https:\/\/www.ckplac.org\/wp-content\/uploads\/2021\/04\/82627447_1430147813814628_6000876311097114624_n-1-600x600.jpg 600w, https:\/\/www.ckplac.org\/wp-content\/uploads\/2021\/04\/82627447_1430147813814628_6000876311097114624_n-1-1024x1024.jpg 1024w, https:\/\/www.ckplac.org\/wp-content\/uploads\/2021\/04\/82627447_1430147813814628_6000876311097114624_n-1-768x768.jpg 768w, https:\/\/www.ckplac.org\/wp-content\/uploads\/2021\/04\/82627447_1430147813814628_6000876311097114624_n-1-12x12.jpg 12w, https:\/\/www.ckplac.org\/wp-content\/uploads\/2021\/04\/82627447_1430147813814628_6000876311097114624_n-1-570x570.jpg 570w, https:\/\/www.ckplac.org\/wp-content\/uploads\/2021\/04\/82627447_1430147813814628_6000876311097114624_n-1-500x500.jpg 500w, https:\/\/www.ckplac.org\/wp-content\/uploads\/2021\/04\/82627447_1430147813814628_6000876311097114624_n-1-1000x1000.jpg 1000w, https:\/\/www.ckplac.org\/wp-content\/uploads\/2021\/04\/82627447_1430147813814628_6000876311097114624_n-1-700x700.jpg 700w, https:\/\/www.ckplac.org\/wp-content\/uploads\/2021\/04\/82627447_1430147813814628_6000876311097114624_n-1.jpg 1440w\" sizes=\"(max-width: 150px) 100vw, 150px\" \/><\/a>\n\t\t\t<\/dt><\/dl><dl class='gallery-item'>\n\t\t\t<dt class='gallery-icon landscape'>\n\t\t\t\t<a href='https:\/\/www.ckplac.org\/en\/plac-radio\/kerulj-be-ifjusagi-musor\/87164268_1461905303972212_4944852137726181376_n\/'><img width=\"150\" height=\"150\" src=\"https:\/\/www.ckplac.org\/wp-content\/uploads\/2021\/04\/87164268_1461905303972212_4944852137726181376_n-150x150.jpg\" class=\"attachment-thumbnail size-thumbnail\" alt=\"\" decoding=\"async\" loading=\"lazy\" srcset=\"https:\/\/www.ckplac.org\/wp-content\/uploads\/2021\/04\/87164268_1461905303972212_4944852137726181376_n-150x150.jpg 150w, https:\/\/www.ckplac.org\/wp-content\/uploads\/2021\/04\/87164268_1461905303972212_4944852137726181376_n-300x300.jpg 300w, https:\/\/www.ckplac.org\/wp-content\/uploads\/2021\/04\/87164268_1461905303972212_4944852137726181376_n-100x100.jpg 100w, https:\/\/www.ckplac.org\/wp-content\/uploads\/2021\/04\/87164268_1461905303972212_4944852137726181376_n-570x570.jpg 570w, https:\/\/www.ckplac.org\/wp-content\/uploads\/2021\/04\/87164268_1461905303972212_4944852137726181376_n-500x500.jpg 500w, https:\/\/www.ckplac.org\/wp-content\/uploads\/2021\/04\/87164268_1461905303972212_4944852137726181376_n-1000x1000.jpg 1000w\" sizes=\"(max-width: 150px) 100vw, 150px\" \/><\/a>\n\t\t\t<\/dt><\/dl><br style=\"clear: both\" \/>\n\t\t<\/div>\n\n\n\t\t<\/div> \n\t<\/div> \t<div class=\"vc_empty_space\"  style=\"height: 20px\" ><span\n\t\t\tclass=\"vc_empty_space_inner\">\n\t\t\t<span class=\"empty_space_image\"  ><\/span>\n\t\t<\/span><\/div>\n\n\n\t<div class=\"wpb_text_column wpb_content_element\">\n\t\t<div class=\"wpb_wrapper\">\n\t\t\t<p><strong>Autori emisije:<\/strong> Ker\u00fclj Be Ifj\u00fas\u00e1gi K\u00f6z\u00f6ss\u00e9gi T\u00e9r<\/p>\n\n\t\t<\/div> \n\t<\/div> <\/div><\/div><\/div><\/div><div class='q_elements_holder one_column responsive_mode_from_768' ><div class='q_elements_item' data-600-768='0px 10px 40px 10px' data-480-600='0px 10px 40px 10px' data-480='0px 10px 40px 10px' data-animation='no' data-item-class='q_elements_holder_custom_100901'><div class='q_elements_item_inner'><div class='q_elements_item_content q_elements_holder_custom_100901' style='padding:0px 0px 80px 30px'>\n\t<div class=\"wpb_text_column wpb_content_element\">\n\t\t<div class=\"wpb_wrapper\">\n\t\t\t<h6>Archive<\/h6>\n\n\t\t<\/div> \n\t<\/div> <div class=\"separator  normal\" style=\"background-color: #f2f2f2;height: 1px;\"><\/div>\n\t<div class=\"vc_empty_space\"  style=\"height: 20px\" ><span\n\t\t\tclass=\"vc_empty_space_inner\">\n\t\t\t<span class=\"empty_space_image\"  ><\/span>\n\t\t<\/span><\/div>\n\n<div class=\"qode-accordion-holder clearfix qode-accordion qode-initial\">\n\t<h5 class=\"clearfix qode-title-holder\">\n<span class=\"qode-tab-title\">\n\t    <span class=\"qode-tab-title-inner\">\n        2021    <\/span>\n<\/span>\n<span class=\"qode-accordion-mark\">\n    <span class=\"qode-accordion-mark-icon\">\n        <span class=\"icon_plus\"><\/span>\n        <span class=\"icon_minus-06\"><\/span>\n    <\/span>\n<\/span>\n<\/h5>\n<div  class=\"qode-accordion-content\" >\n    <div class=\"qode-accordion-content-inner\">\n        \t<div class=\"vc_empty_space\"  style=\"height: 10px\" ><span\n\t\t\tclass=\"vc_empty_space_inner\">\n\t\t\t<span class=\"empty_space_image\"  ><\/span>\n\t\t<\/span><\/div>\n\n\n\t<div class=\"wpb_raw_code wpb_content_element wpb_raw_html\" >\n\t\t<div class=\"wpb_wrapper\">\n\t\t\t<iframe title=\"Ker\u00fclj Be Ifj\u00fas\u00e1gi K\u00f6z\u00f6ss\u00e9gi T\u00e9r - Ifj\u00fas\u00e1gi M\u0171sor - 1. Epiz\u00f3d\" width=\"100%\" height=\"120\" src=\"https:\/\/www.mixcloud.com\/widget\/iframe\/?feed=https%3A%2F%2Fwww.mixcloud.com%2Fradioplac%2Fker%25C3%25BClj-be-ifj%25C3%25BAs%25C3%25A1gi-k%25C3%25B6z%25C3%25B6ss%25C3%25A9gi-t%25C3%25A9r-ifj%25C3%25BAs%25C3%25A1gi-m%25C5%25B1sor-1-epiz%25C3%25B3d%2F&amp;hide_cover=1\" frameborder=\"0\"><\/iframe>\n\t\t<\/div>\n\t<\/div>\n\t<div class=\"vc_empty_space\"  style=\"height: 10px\" ><span\n\t\t\tclass=\"vc_empty_space_inner\">\n\t\t\t<span class=\"empty_space_image\"  ><\/span>\n\t\t<\/span><\/div>\n\n\n\t<div class=\"wpb_raw_code wpb_content_element wpb_raw_html\" >\n\t\t<div class=\"wpb_wrapper\">\n\t\t\t<iframe title=\"Ker\u00fclj Be Ifj\u00fas\u00e1gi K\u00f6z\u00f6ss\u00e9gi T\u00e9r - Ifj\u00fas\u00e1gi M\u0171sor - 2. Epiz\u00f3d\" width=\"100%\" height=\"120\" src=\"https:\/\/www.mixcloud.com\/widget\/iframe\/?feed=https%3A%2F%2Fwww.mixcloud.com%2Fradioplac%2Fker%25C3%25BClj-be-ifj%25C3%25BAs%25C3%25A1gi-k%25C3%25B6z%25C3%25B6ss%25C3%25A9gi-t%25C3%25A9r-ifj%25C3%25BAs%25C3%25A1gi-m%25C5%25B1sor-2-epiz%25C3%25B3d%2F&amp;hide_cover=1\" frameborder=\"0\"><\/iframe>\n\t\t<\/div>\n\t<\/div>\n    <\/div>\n<\/div><\/div><\/div><\/div><\/div><\/div><\/div><\/div><\/div><\/div><\/div>\n<\/section>","protected":false},"excerpt":{"rendered":"Share on: O emisiji Omladinski klub Ker\u00fclj Be je prvi je prostor omladinske zajednice u...","protected":false},"author":2,"featured_media":3829,"parent":13,"menu_order":0,"comment_status":"closed","ping_status":"closed","template":"","meta":{"inline_featured_image":false,"footnotes":""},"aioseo_notices":[],"_links":{"self":[{"href":"https:\/\/www.ckplac.org\/en\/wp-json\/wp\/v2\/pages\/3816"}],"collection":[{"href":"https:\/\/www.ckplac.org\/en\/wp-json\/wp\/v2\/pages"}],"about":[{"href":"https:\/\/www.ckplac.org\/en\/wp-json\/wp\/v2\/types\/page"}],"author":[{"embeddable":true,"href":"https:\/\/www.ckplac.org\/en\/wp-json\/wp\/v2\/users\/2"}],"replies":[{"embeddable":true,"href":"https:\/\/www.ckplac.org\/en\/wp-json\/wp\/v2\/comments?post=3816"}],"version-history":[{"count":9,"href":"https:\/\/www.ckplac.org\/en\/wp-json\/wp\/v2\/pages\/3816\/revisions"}],"predecessor-version":[{"id":4369,"href":"https:\/\/www.ckplac.org\/en\/wp-json\/wp\/v2\/pages\/3816\/revisions\/4369"}],"up":[{"embeddable":true,"href":"https:\/\/www.ckplac.org\/en\/wp-json\/wp\/v2\/pages\/13"}],"wp:featuredmedia":[{"embeddable":true,"href":"https:\/\/www.ckplac.org\/en\/wp-json\/wp\/v2\/media\/3829"}],"wp:attachment":[{"href":"https:\/\/www.ckplac.org\/en\/wp-json\/wp\/v2\/media?parent=3816"}],"curies":[{"name":"wp","href":"https:\/\/api.w.org\/{rel}","templated":true}]}}