{"id":3662,"date":"2021-03-14T15:31:11","date_gmt":"2021-03-14T14:31:11","guid":{"rendered":"https:\/\/www.ckplac.org\/?page_id=3662"},"modified":"2022-04-07T20:09:36","modified_gmt":"2022-04-07T18:09:36","slug":"bosonoga-deca","status":"publish","type":"page","link":"https:\/\/www.ckplac.org\/en\/plac-radio\/bosonoga-deca\/","title":{"rendered":"Barefoot Children"},"content":{"rendered":"<section class=\"wpb-content-wrapper\"><div      class=\"vc_row wpb_row section vc_row-fluid\" style=' text-align:left;'><div class=\"full_section_inner clearfix\"><div class=\"wpb_column vc_column_container vc_col-sm-4\"><div class=\"vc_column-inner\"><div class=\"wpb_wrapper\"><div class='q_elements_holder one_column responsive_mode_from_768' ><div class='q_elements_item' data-600-768='0px 10px 40px 10px' data-480-600='0px 10px 40px 10px' data-480='0px 10px 40px 10px' data-animation='no' data-item-class='q_elements_holder_custom_950143'><div class='q_elements_item_inner'><div class='q_elements_item_content q_elements_holder_custom_950143' style='padding:0px 0px 0px 0px'>\n\t<div class=\"wpb_single_image wpb_content_element vc_align_left\">\n\t\t<div class=\"wpb_wrapper\">\n\t\t\t\n\t\t\t<div class=\"vc_single_image-wrapper   vc_box_border_grey\"><img class=\"vc_single_image-img\" src=\"https:\/\/www.ckplac.org\/wp-content\/uploads\/2021\/01\/deca-600x600.jpg\" width=\"600\" height=\"600\" alt=\"deca\" title=\"deca\" \/><\/div>\n\t\t<\/div>\n\t<\/div>\n\t<div class=\"vc_empty_space\"  style=\"height: 20px\" ><span\n\t\t\tclass=\"vc_empty_space_inner\">\n\t\t\t<span class=\"empty_space_image\"  ><\/span>\n\t\t<\/span><\/div>\n\n<div class=\"social_share_list_holder\"><span>Share on: <\/span><ul><li class=\"facebook_share\"><a title=\"Share on Facebook\" href=\"javascript:void(0)\" onclick=\"window.open('http:\/\/www.facebook.com\/sharer.php?u=https%3A%2F%2Fwww.ckplac.org%2Fen%2Fplac-radio%2Fbosonoga-deca%2F', 'sharer', 'toolbar=0,status=0,width=620,height=280');\"><i class=\"fa fa-facebook\"><\/i><\/a><\/li><li class=\"twitter_share\"><a href=\"#\" title=\"Share on Twitter\" onclick=\"popUp=window.open('http:\/\/twitter.com\/home?status=https:\/\/www.ckplac.org\/en\/plac-radio\/bosonoga-deca\/', 'popupwindow', 'scrollbars=yes,width=800,height=400');popUp.focus();return false;\"><i class=\"fa fa-twitter\"><\/i><\/a><\/li><li  class=\"pinterest_share\"><a href=\"#\" title=\"Share on Pinterest\" onclick=\"popUp=window.open('http:\/\/pinterest.com\/pin\/create\/button\/?url=https%3A%2F%2Fwww.ckplac.org%2Fen%2Fplac-radio%2Fbosonoga-deca%2F&amp;description=Bosonoga deca&amp;media=https%3A%2F%2Fwww.ckplac.org%2Fwp-content%2Fuploads%2F2021%2F01%2Fdeca.jpg', 'popupwindow', 'scrollbars=yes,width=800,height=400');popUp.focus();return false\"><i class=\"fa fa-pinterest\"><\/i><\/a><\/li><\/ul><\/div><\/div><\/div><\/div><\/div><\/div><\/div><\/div><div class=\"wpb_column vc_column_container vc_col-sm-8\"><div class=\"vc_column-inner\"><div class=\"wpb_wrapper\"><div class='q_elements_holder one_column responsive_mode_from_768' ><div class='q_elements_item' data-600-768='0px 10px 40px 10px' data-480-600='0px 10px 40px 10px' data-480='0px 10px 40px 10px' data-animation='no' data-item-class='q_elements_holder_custom_844017'><div class='q_elements_item_inner'><div class='q_elements_item_content q_elements_holder_custom_844017' style='padding:0px 0px 60px 30px'>\n\t<div class=\"wpb_text_column wpb_content_element\">\n\t\t<div class=\"wpb_wrapper\">\n\t\t\t<h6>O emisiji<\/h6>\n\n\t\t<\/div> \n\t<\/div> <div class=\"separator  normal\" style=\"background-color: #f2f2f2;height: 1px;\"><\/div>\n\t<div class=\"vc_empty_space\"  style=\"height: 20px\" ><span\n\t\t\tclass=\"vc_empty_space_inner\">\n\t\t\t<span class=\"empty_space_image\"  ><\/span>\n\t\t<\/span><\/div>\n\n\n\t<div class=\"wpb_text_column wpb_content_element\">\n\t\t<div class=\"wpb_wrapper\">\n\t\t\t<p>Simboli\u010dno, bosonoga deca predstavljaju pojedince razigrane du\u0161e, radoznale,\u00a0 centrirane i u kontaktu sa zemljom i prirodom. Energija tla, sa kojom telo dolazi u dodir hodanjem bosim nogama po zemlji, stvara pozitivnu promenu celokupnog organizma. Kroz emisije otkrivamo koja sve saznanja i prakse mogu doprineti autenti\u010dnosti i lako\u0107i \u017eivljenja kao i odr\u017eivim modelima koji \u010duvaju sredinu u kojoj \u017eivimo i te\u017ee ravnote\u017ei: obrazovanje, permakultura, zemljana gradnja, ekologija, psihoterapija, pokret, ples, filozofija i\u00a0 mnoge druge oblasti koje jo\u0161 \u010dekaju da budu otkrivene. \ud83d\ude42<\/p>\n\n\t\t<\/div> \n\t<\/div> \t<div class=\"vc_empty_space\"  style=\"height: 20px\" ><span\n\t\t\tclass=\"vc_empty_space_inner\">\n\t\t\t<span class=\"empty_space_image\"  ><\/span>\n\t\t<\/span><\/div>\n\n\n\t<div class=\"wpb_text_column wpb_content_element\">\n\t\t<div class=\"wpb_wrapper\">\n\t\t\t<p><strong>Autori emisije:<\/strong> dr Ivana Primorac, Gordana Vukov Ciganjik i Gloria Lindeman<\/p>\n\n\t\t<\/div> \n\t<\/div> <\/div><\/div><\/div><\/div><div class='q_elements_holder one_column responsive_mode_from_768' ><div class='q_elements_item' data-600-768='0px 10px 40px 10px' data-480-600='0px 10px 40px 10px' data-480='0px 10px 40px 10px' data-animation='no' data-item-class='q_elements_holder_custom_684917'><div class='q_elements_item_inner'><div class='q_elements_item_content q_elements_holder_custom_684917' style='padding:0px 0px 80px 30px'>\n\t<div class=\"wpb_text_column wpb_content_element\">\n\t\t<div class=\"wpb_wrapper\">\n\t\t\t<h6>Archive<\/h6>\n\n\t\t<\/div> \n\t<\/div> <div class=\"separator  normal\" style=\"background-color: #f2f2f2;height: 1px;\"><\/div>\n\t<div class=\"vc_empty_space\"  style=\"height: 20px\" ><span\n\t\t\tclass=\"vc_empty_space_inner\">\n\t\t\t<span class=\"empty_space_image\"  ><\/span>\n\t\t<\/span><\/div>\n\n<div class=\"qode-accordion-holder clearfix qode-accordion qode-initial\">\n\t<h5 class=\"clearfix qode-title-holder\">\n<span class=\"qode-tab-title\">\n\t    <span class=\"qode-tab-title-inner\">\n        2021    <\/span>\n<\/span>\n<span class=\"qode-accordion-mark\">\n    <span class=\"qode-accordion-mark-icon\">\n        <span class=\"icon_plus\"><\/span>\n        <span class=\"icon_minus-06\"><\/span>\n    <\/span>\n<\/span>\n<\/h5>\n<div  class=\"qode-accordion-content\" >\n    <div class=\"qode-accordion-content-inner\">\n        \n\t<div class=\"wpb_raw_code wpb_content_element wpb_raw_html\" >\n\t\t<div class=\"wpb_wrapper\">\n\t\t\t<iframe title=\"Bosonoga Deca - Epizoda 1\" width=\"100%\" height=\"120\" src=\"https:\/\/www.mixcloud.com\/widget\/iframe\/?feed=https%3A%2F%2Fwww.mixcloud.com%2Fradioplac%2Fbosonoga-deca-epizoda-1%2F&amp;hide_cover=1\" frameborder=\"0\"><\/iframe>\n\t\t<\/div>\n\t<\/div>\n\t<div class=\"vc_empty_space\"  style=\"height: 10px\" ><span\n\t\t\tclass=\"vc_empty_space_inner\">\n\t\t\t<span class=\"empty_space_image\"  ><\/span>\n\t\t<\/span><\/div>\n\n\n\t<div class=\"wpb_raw_code wpb_content_element wpb_raw_html\" >\n\t\t<div class=\"wpb_wrapper\">\n\t\t\t<iframe title=\"Bosonoga Deca - Epizoda 2 - Valdorf (1)\" width=\"100%\" height=\"120\" src=\"https:\/\/www.mixcloud.com\/widget\/iframe\/?feed=https%3A%2F%2Fwww.mixcloud.com%2Fradioplac%2Fbosonoga-deca-epizoda-2-valdorf-1%2F&amp;hide_cover=1\" frameborder=\"0\"><\/iframe>\n\t\t<\/div>\n\t<\/div>\n\t<div class=\"vc_empty_space\"  style=\"height: 10px\" ><span\n\t\t\tclass=\"vc_empty_space_inner\">\n\t\t\t<span class=\"empty_space_image\"  ><\/span>\n\t\t<\/span><\/div>\n\n\n\t<div class=\"wpb_raw_code wpb_content_element wpb_raw_html\" >\n\t\t<div class=\"wpb_wrapper\">\n\t\t\t<iframe title=\"Bosonoga Deca - Epizoda 3 - Valdorf (2)\" width=\"100%\" height=\"120\" src=\"https:\/\/www.mixcloud.com\/widget\/iframe\/?feed=https%3A%2F%2Fwww.mixcloud.com%2Fradioplac%2Fbosonoga-deca-epizoda-3-valdorf-2%2F&amp;hide_cover=1\" frameborder=\"0\"><\/iframe>\n\t\t<\/div>\n\t<\/div>\n\t<div class=\"vc_empty_space\"  style=\"height: 10px\" ><span\n\t\t\tclass=\"vc_empty_space_inner\">\n\t\t\t<span class=\"empty_space_image\"  ><\/span>\n\t\t<\/span><\/div>\n\n\n\t<div class=\"wpb_raw_code wpb_content_element wpb_raw_html\" >\n\t\t<div class=\"wpb_wrapper\">\n\t\t\t<iframe title=\"Bosonoga Deca - Epizoda 4 - Valdorfska Praksa (3)\" width=\"100%\" height=\"120\" src=\"https:\/\/www.mixcloud.com\/widget\/iframe\/?feed=https%3A%2F%2Fwww.mixcloud.com%2Fradioplac%2Fbosonoga-deca-epizoda-4-valdorfska-praksa-3%2F&amp;hide_cover=1\" frameborder=\"0\"><\/iframe>\n\t\t<\/div>\n\t<\/div>\n\t<div class=\"vc_empty_space\"  style=\"height: 10px\" ><span\n\t\t\tclass=\"vc_empty_space_inner\">\n\t\t\t<span class=\"empty_space_image\"  ><\/span>\n\t\t<\/span><\/div>\n\n\n\t<div class=\"wpb_raw_code wpb_content_element wpb_raw_html\" >\n\t\t<div class=\"wpb_wrapper\">\n\t\t\t<iframe title=\"Bosonoga Deca - Epizoda 5 - Telom Do Glasa\" width=\"100%\" height=\"120\" src=\"https:\/\/www.mixcloud.com\/widget\/iframe\/?feed=https%3A%2F%2Fwww.mixcloud.com%2Fradioplac%2Fbosonoga-deca-epizoda-5-telom-do-glasa%2F&amp;hide_cover=1\" frameborder=\"0\"><\/iframe>\n\t\t<\/div>\n\t<\/div>\n\t<div class=\"vc_empty_space\"  style=\"height: 10px\" ><span\n\t\t\tclass=\"vc_empty_space_inner\">\n\t\t\t<span class=\"empty_space_image\"  ><\/span>\n\t\t<\/span><\/div>\n\n\n\t<div class=\"wpb_raw_code wpb_content_element wpb_raw_html\" >\n\t\t<div class=\"wpb_wrapper\">\n\t\t\t<iframe title=\"Bosonoga Deca - Epizoda 6 - Uloga Oca U Odgajanju Dece\" width=\"100%\" height=\"120\" src=\"https:\/\/www.mixcloud.com\/widget\/iframe\/?feed=https%3A%2F%2Fwww.mixcloud.com%2Fradioplac%2Fbosonoga-deca-epizoda-6-uloga-oca-u-odgajanju-dece%2F&amp;hide_cover=1\" frameborder=\"0\"><\/iframe>\n\t\t<\/div>\n\t<\/div>\n\t<div class=\"vc_empty_space\"  style=\"height: 10px\" ><span\n\t\t\tclass=\"vc_empty_space_inner\">\n\t\t\t<span class=\"empty_space_image\"  ><\/span>\n\t\t<\/span><\/div>\n\n\n\t<div class=\"wpb_raw_code wpb_content_element wpb_raw_html\" >\n\t\t<div class=\"wpb_wrapper\">\n\t\t\t<iframe title=\"Bosonoga Deca - Epizoda 7 - Menstruacija I Cikli\u010dna \u017denska Priroda\" width=\"100%\" height=\"120\" src=\"https:\/\/www.mixcloud.com\/widget\/iframe\/?feed=https%3A%2F%2Fwww.mixcloud.com%2Fradioplac%2Fbosonoga-deca-epizoda-7-menstruacija-i-cikli%25C4%258Dna-%25C5%25BEenska-priroda%2F&amp;hide_cover=1\" frameborder=\"0\"><\/iframe>\n\t\t<\/div>\n\t<\/div>\n\t<div class=\"vc_empty_space\"  style=\"height: 10px\" ><span\n\t\t\tclass=\"vc_empty_space_inner\">\n\t\t\t<span class=\"empty_space_image\"  ><\/span>\n\t\t<\/span><\/div>\n\n\n\t<div class=\"wpb_raw_code wpb_content_element wpb_raw_html\" >\n\t\t<div class=\"wpb_wrapper\">\n\t\t\t<iframe title=\"Bosonoga Deca - Epizoda 8 - Bliskost U Odnosima\" width=\"100%\" height=\"120\" src=\"https:\/\/www.mixcloud.com\/widget\/iframe\/?feed=https%3A%2F%2Fwww.mixcloud.com%2Fradioplac%2Fbosonoga-deca-epizoda-8-bliskost-u-odnosima%2F&amp;hide_cover=1\" frameborder=\"0\"><\/iframe>\n\t\t<\/div>\n\t<\/div>\n\t<div class=\"vc_empty_space\"  style=\"height: 10px\" ><span\n\t\t\tclass=\"vc_empty_space_inner\">\n\t\t\t<span class=\"empty_space_image\"  ><\/span>\n\t\t<\/span><\/div>\n\n\n\t<div class=\"wpb_raw_code wpb_content_element wpb_raw_html\" >\n\t\t<div class=\"wpb_wrapper\">\n\t\t\t<iframe title=\"Bosonoga Deca - Epizoda 9 - Avantura, Humanitarni Rad, Afrika (Matej Skenderovi\u0107)\" width=\"100%\" height=\"120\" src=\"https:\/\/www.mixcloud.com\/widget\/iframe\/?feed=https%3A%2F%2Fwww.mixcloud.com%2Fradioplac%2Fbosonoga-deca-epizoda-9-avantura-humanitarni-rad-afrika-matej-skenderovi%25C4%2587%2F&amp;hide_cover=1\" frameborder=\"0\"><\/iframe>\n\t\t<\/div>\n\t<\/div>\n\t<div class=\"vc_empty_space\"  style=\"height: 10px\" ><span\n\t\t\tclass=\"vc_empty_space_inner\">\n\t\t\t<span class=\"empty_space_image\"  ><\/span>\n\t\t<\/span><\/div>\n\n\n\t<div class=\"wpb_raw_code wpb_content_element wpb_raw_html\" >\n\t\t<div class=\"wpb_wrapper\">\n\t\t\t<iframe title=\"Bosonoga Deca - Epizoda 10 - O Plesu (Edina Mi\u0161kei)\" width=\"100%\" height=\"120\" src=\"https:\/\/www.mixcloud.com\/widget\/iframe\/?feed=https%3A%2F%2Fwww.mixcloud.com%2Fradioplac%2Fbosonoga-deca-epizoda-10-o-plesu-edina-mi%25C5%25A1kei%2F&amp;hide_cover=1\" frameborder=\"0\"><\/iframe>\n\t\t<\/div>\n\t<\/div>\n\t<div class=\"vc_empty_space\"  style=\"height: 10px\" ><span\n\t\t\tclass=\"vc_empty_space_inner\">\n\t\t\t<span class=\"empty_space_image\"  ><\/span>\n\t\t<\/span><\/div>\n\n\n\t<div class=\"wpb_raw_code wpb_content_element wpb_raw_html\" >\n\t\t<div class=\"wpb_wrapper\">\n\t\t\t<iframe title=\"Bosonoga Deca - Epizoda 11 - Zelena Infrastruktura\" width=\"100%\" height=\"120\" src=\"https:\/\/www.mixcloud.com\/widget\/iframe\/?feed=https%3A%2F%2Fwww.mixcloud.com%2Fradioplac%2Fbosonoga-deca-epizoda-11-zelena-infrastruktura%2F&amp;hide_cover=1\" frameborder=\"0\"><\/iframe>\n\t\t<\/div>\n\t<\/div>\n\t<div class=\"vc_empty_space\"  style=\"height: 10px\" ><span\n\t\t\tclass=\"vc_empty_space_inner\">\n\t\t\t<span class=\"empty_space_image\"  ><\/span>\n\t\t<\/span><\/div>\n\n\n\t<div class=\"wpb_raw_code wpb_content_element wpb_raw_html\" >\n\t\t<div class=\"wpb_wrapper\">\n\t\t\t<iframe title=\"Bosonoga Deca - Epizoda 12 - Otpad I Zero Waste\" width=\"100%\" height=\"120\" src=\"https:\/\/www.mixcloud.com\/widget\/iframe\/?feed=https%3A%2F%2Fwww.mixcloud.com%2Fradioplac%2Fbosonoga-deca-epizoda-12-otpad-i-zero-waste%2F&amp;hide_cover=1\" frameborder=\"0\"><\/iframe>\n\t\t<\/div>\n\t<\/div>\n\t<div class=\"vc_empty_space\"  style=\"height: 10px\" ><span\n\t\t\tclass=\"vc_empty_space_inner\">\n\t\t\t<span class=\"empty_space_image\"  ><\/span>\n\t\t<\/span><\/div>\n\n\n\t<div class=\"wpb_raw_code wpb_content_element wpb_raw_html\" >\n\t\t<div class=\"wpb_wrapper\">\n\t\t\t<iframe title=\"Bosonoga Deca - Epizoda 13 - Odr\u017eiva Moda\" width=\"100%\" height=\"120\" src=\"https:\/\/www.mixcloud.com\/widget\/iframe\/?feed=https%3A%2F%2Fwww.mixcloud.com%2Fradioplac%2Fbosonoga-deca-epizoda-13-odr%25C5%25BEiva-moda%2F&amp;hide_cover=1\" frameborder=\"0\"><\/iframe>\n\t\t<\/div>\n\t<\/div>\n\t<div class=\"vc_empty_space\"  style=\"height: 10px\" ><span\n\t\t\tclass=\"vc_empty_space_inner\">\n\t\t\t<span class=\"empty_space_image\"  ><\/span>\n\t\t<\/span><\/div>\n\n\n\t<div class=\"wpb_raw_code wpb_content_element wpb_raw_html\" >\n\t\t<div class=\"wpb_wrapper\">\n\t\t\t<iframe title=\"Bosonoga Deca - Epizoda 14 - Jung, Simboli I Snovi (Ma\u0161a \u017darni\u0107)\" width=\"100%\" height=\"120\" src=\"https:\/\/www.mixcloud.com\/widget\/iframe\/?feed=https%3A%2F%2Fwww.mixcloud.com%2Fradioplac%2Fbosonoga-deca-epizoda-14-jung-simboli-i-snovi-ma%25C5%25A1a-%25C5%25BEarni%25C4%2587%2F&amp;hide_cover=1\" frameborder=\"0\"><\/iframe>\n\t\t<\/div>\n\t<\/div>\n\t<div class=\"vc_empty_space\"  style=\"height: 10px\" ><span\n\t\t\tclass=\"vc_empty_space_inner\">\n\t\t\t<span class=\"empty_space_image\"  ><\/span>\n\t\t<\/span><\/div>\n\n\n\t<div class=\"wpb_raw_code wpb_content_element wpb_raw_html\" >\n\t\t<div class=\"wpb_wrapper\">\n\t\t\t<iframe title=\"Bosonoga Deca - Epizoda 15 - Mindfullness I Saose\u0107anje\" width=\"100%\" height=\"120\" src=\"https:\/\/www.mixcloud.com\/widget\/iframe\/?feed=https%3A%2F%2Fwww.mixcloud.com%2Fradioplac%2Fbosonoga-deca-epizoda-15-mindfullness-i-saose%25C4%2587anje%2F&amp;hide_cover=1\" frameborder=\"0\"><\/iframe>\n\t\t<\/div>\n\t<\/div>\n\t<div class=\"vc_empty_space\"  style=\"height: 10px\" ><span\n\t\t\tclass=\"vc_empty_space_inner\">\n\t\t\t<span class=\"empty_space_image\"  ><\/span>\n\t\t<\/span><\/div>\n\n\n\t<div class=\"wpb_raw_code wpb_content_element wpb_raw_html\" >\n\t\t<div class=\"wpb_wrapper\">\n\t\t\t<iframe title=\"Bosonoga Deca - Epizoda 16 - Odgovornost\" width=\"100%\" height=\"120\" src=\"https:\/\/www.mixcloud.com\/widget\/iframe\/?feed=https%3A%2F%2Fwww.mixcloud.com%2Fradioplac%2Fbosonoga-deca-epizoda-16-odgovornost%2F&amp;hide_cover=1\" frameborder=\"0\"><\/iframe>\n\t\t<\/div>\n\t<\/div>\n\t<div class=\"vc_empty_space\"  style=\"height: 10px\" ><span\n\t\t\tclass=\"vc_empty_space_inner\">\n\t\t\t<span class=\"empty_space_image\"  ><\/span>\n\t\t<\/span><\/div>\n\n\n\t<div class=\"wpb_raw_code wpb_content_element wpb_raw_html\" >\n\t\t<div class=\"wpb_wrapper\">\n\t\t\t<iframe title=\"Bosonoga Deca - Epizoda 17 - Filozofija\" width=\"100%\" height=\"120\" src=\"https:\/\/www.mixcloud.com\/widget\/iframe\/?feed=https%3A%2F%2Fwww.mixcloud.com%2Fradioplac%2Fbosonoga-deca-17-filozofija%2F&amp;hide_cover=1\" frameborder=\"0\"><\/iframe>\n\t\t<\/div>\n\t<\/div>\n\t<div class=\"vc_empty_space\"  style=\"height: 10px\" ><span\n\t\t\tclass=\"vc_empty_space_inner\">\n\t\t\t<span class=\"empty_space_image\"  ><\/span>\n\t\t<\/span><\/div>\n\n\n\t<div class=\"wpb_raw_code wpb_content_element wpb_raw_html\" >\n\t\t<div class=\"wpb_wrapper\">\n\t\t\t<iframe title=\"Bosonoga Deca - Epizoda 18 - Hodanje Po Zemlji\" width=\"100%\" height=\"120\" src=\"https:\/\/www.mixcloud.com\/widget\/iframe\/?feed=https%3A%2F%2Fwww.mixcloud.com%2Fradioplac%2Fbosonoga-deca-epizoda-18-hodanje-po-zemlji%2F&amp;hide_cover=1\" frameborder=\"0\"><\/iframe>\n\t\t<\/div>\n\t<\/div>\n\t<div class=\"vc_empty_space\"  style=\"height: 10px\" ><span\n\t\t\tclass=\"vc_empty_space_inner\">\n\t\t\t<span class=\"empty_space_image\"  ><\/span>\n\t\t<\/span><\/div>\n\n\n\t<div class=\"wpb_raw_code wpb_content_element wpb_raw_html\" >\n\t\t<div class=\"wpb_wrapper\">\n\t\t\t<iframe title=\"Bosonoga Deca - Epizoda 19 - O Prihvatanju\" width=\"100%\" height=\"120\" src=\"https:\/\/www.mixcloud.com\/widget\/iframe\/?feed=https%3A%2F%2Fwww.mixcloud.com%2Fradioplac%2Fbosonoga-deca-epizoda-19-o-prihvatanju%2F&amp;hide_cover=1\" frameborder=\"0\"><\/iframe>\n\t\t<\/div>\n\t<\/div>\n\t<div class=\"vc_empty_space\"  style=\"height: 10px\" ><span\n\t\t\tclass=\"vc_empty_space_inner\">\n\t\t\t<span class=\"empty_space_image\"  ><\/span>\n\t\t<\/span><\/div>\n\n\n\t<div class=\"wpb_raw_code wpb_content_element wpb_raw_html\" >\n\t\t<div class=\"wpb_wrapper\">\n\t\t\t<iframe title=\"Bosonoga Deca - Epizoda 20 - Aktivno Starenje\" width=\"100%\" height=\"120\" src=\"https:\/\/www.mixcloud.com\/widget\/iframe\/?feed=https%3A%2F%2Fwww.mixcloud.com%2Fradioplac%2Fbosonoga-deca-epizoda-20-aktivno-starenje%2F&amp;hide_cover=1\" frameborder=\"0\"><\/iframe>\n\t\t<\/div>\n\t<\/div>\n\t<div class=\"vc_empty_space\"  style=\"height: 10px\" ><span\n\t\t\tclass=\"vc_empty_space_inner\">\n\t\t\t<span class=\"empty_space_image\"  ><\/span>\n\t\t<\/span><\/div>\n\n\n\t<div class=\"wpb_raw_code wpb_content_element wpb_raw_html\" >\n\t\t<div class=\"wpb_wrapper\">\n\t\t\t<iframe title=\"Bosonoga Deca - Epizoda 20 - Ba\u0161tovanstvo I Mo\u0107 Pojedinca\" width=\"100%\" height=\"120\" src=\"https:\/\/www.mixcloud.com\/widget\/iframe\/?feed=https%3A%2F%2Fwww.mixcloud.com%2Fradioplac%2Fbosonoga-deca-epizoda-20-ba%25C5%25A1tovanstvo-i-mo%25C4%2587-pojedinca%2F&amp;hide_cover=1\" frameborder=\"0\"><\/iframe>\n\t\t<\/div>\n\t<\/div>\n\t<div class=\"vc_empty_space\"  style=\"height: 10px\" ><span\n\t\t\tclass=\"vc_empty_space_inner\">\n\t\t\t<span class=\"empty_space_image\"  ><\/span>\n\t\t<\/span><\/div>\n\n\n\t<div class=\"wpb_raw_code wpb_content_element wpb_raw_html\" >\n\t\t<div class=\"wpb_wrapper\">\n\t\t\t<iframe title=\"Bosonoga Deca - Epizoda 22 - Na\u0161a Ku\u0107a\" width=\"100%\" height=\"120\" src=\"https:\/\/www.mixcloud.com\/widget\/iframe\/?feed=https%3A%2F%2Fwww.mixcloud.com%2Fradioplac%2Fbosonoga-deca-epizoda-22-na%25C5%25A1a-ku%25C4%2587a%2F&amp;hide_cover=1\" frameborder=\"0\"><\/iframe>\n\t\t<\/div>\n\t<\/div>\n\t<div class=\"vc_empty_space\"  style=\"height: 10px\" ><span\n\t\t\tclass=\"vc_empty_space_inner\">\n\t\t\t<span class=\"empty_space_image\"  ><\/span>\n\t\t<\/span><\/div>\n\n\n\t<div class=\"wpb_raw_code wpb_content_element wpb_raw_html\" >\n\t\t<div class=\"wpb_wrapper\">\n\t\t\t<iframe title=\"Bosonoga Deca - Epizoda 23 - O Besku\u0107ni\u0161tvu\" width=\"100%\" height=\"120\" src=\"https:\/\/www.mixcloud.com\/widget\/iframe\/?feed=https%3A%2F%2Fwww.mixcloud.com%2Fradioplac%2Fbosonoga-deca-epizoda-23-o-besku%25C4%2587ni%25C5%25A1tvu%2F&amp;hide_cover=1\" frameborder=\"0\"><\/iframe>\n\t\t<\/div>\n\t<\/div>\n    <\/div>\n<\/div><\/div><\/div><\/div><\/div><\/div><\/div><\/div><\/div><\/div><\/div>\n<\/section>","protected":false},"excerpt":{"rendered":"Share on: O emisiji Simboli\u010dno, bosonoga deca predstavljaju pojedince razigrane du\u0161e, radoznale,\u00a0 centrirane i u...","protected":false},"author":2,"featured_media":2659,"parent":13,"menu_order":0,"comment_status":"closed","ping_status":"closed","template":"","meta":{"inline_featured_image":false,"footnotes":""},"aioseo_notices":[],"_links":{"self":[{"href":"https:\/\/www.ckplac.org\/en\/wp-json\/wp\/v2\/pages\/3662"}],"collection":[{"href":"https:\/\/www.ckplac.org\/en\/wp-json\/wp\/v2\/pages"}],"about":[{"href":"https:\/\/www.ckplac.org\/en\/wp-json\/wp\/v2\/types\/page"}],"author":[{"embeddable":true,"href":"https:\/\/www.ckplac.org\/en\/wp-json\/wp\/v2\/users\/2"}],"replies":[{"embeddable":true,"href":"https:\/\/www.ckplac.org\/en\/wp-json\/wp\/v2\/comments?post=3662"}],"version-history":[{"count":21,"href":"https:\/\/www.ckplac.org\/en\/wp-json\/wp\/v2\/pages\/3662\/revisions"}],"predecessor-version":[{"id":6052,"href":"https:\/\/www.ckplac.org\/en\/wp-json\/wp\/v2\/pages\/3662\/revisions\/6052"}],"up":[{"embeddable":true,"href":"https:\/\/www.ckplac.org\/en\/wp-json\/wp\/v2\/pages\/13"}],"wp:featuredmedia":[{"embeddable":true,"href":"https:\/\/www.ckplac.org\/en\/wp-json\/wp\/v2\/media\/2659"}],"wp:attachment":[{"href":"https:\/\/www.ckplac.org\/en\/wp-json\/wp\/v2\/media?parent=3662"}],"curies":[{"name":"wp","href":"https:\/\/api.w.org\/{rel}","templated":true}]}}