{"id":2673,"date":"2021-01-17T11:25:00","date_gmt":"2021-01-17T10:25:00","guid":{"rendered":"http:\/\/ckplac.org\/?page_id=2673"},"modified":"2021-01-26T13:43:40","modified_gmt":"2021-01-26T12:43:40","slug":"muzicka-scena-subotice","status":"publish","type":"page","link":"https:\/\/www.ckplac.org\/en\/plac-radio\/muzicka-scena-subotice\/","title":{"rendered":"Subotica Music Scene"},"content":{"rendered":"<section class=\"wpb-content-wrapper\"><div      class=\"vc_row wpb_row section vc_row-fluid\" style=' text-align:left;'><div class=\"full_section_inner clearfix\"><div class=\"wpb_column vc_column_container vc_col-sm-4\"><div class=\"vc_column-inner\"><div class=\"wpb_wrapper\"><div class='q_elements_holder one_column responsive_mode_from_768' ><div class='q_elements_item' data-600-768='0px 10px 40px 10px' data-480-600='0px 10px 40px 10px' data-480='0px 10px 40px 10px' data-animation='no' data-item-class='q_elements_holder_custom_512500'><div class='q_elements_item_inner'><div class='q_elements_item_content q_elements_holder_custom_512500' style='padding:0px 0px 0px 0px'>\n\t<div class=\"wpb_single_image wpb_content_element vc_align_left\">\n\t\t<div class=\"wpb_wrapper\">\n\t\t\t\n\t\t\t<div class=\"vc_single_image-wrapper   vc_box_border_grey\"><img class=\"vc_single_image-img\" src=\"https:\/\/www.ckplac.org\/wp-content\/uploads\/2021\/01\/Wiki.Vojvodina_VII_Subotica_5058_04-600x600.jpg\" width=\"600\" height=\"600\" alt=\"Wiki.Vojvodina_VII_Subotica_5058_04\" title=\"Wiki.Vojvodina_VII_Subotica_5058_04\" \/><\/div>\n\t\t<\/div>\n\t<\/div>\n\t<div class=\"vc_empty_space\"  style=\"height: 20px\" ><span\n\t\t\tclass=\"vc_empty_space_inner\">\n\t\t\t<span class=\"empty_space_image\"  ><\/span>\n\t\t<\/span><\/div>\n\n<div class=\"social_share_list_holder\"><span>Share on: <\/span><ul><li class=\"facebook_share\"><a title=\"Share on Facebook\" href=\"javascript:void(0)\" onclick=\"window.open('http:\/\/www.facebook.com\/sharer.php?u=https%3A%2F%2Fwww.ckplac.org%2Fen%2Fplac-radio%2Fmuzicka-scena-subotice%2F', 'sharer', 'toolbar=0,status=0,width=620,height=280');\"><i class=\"fa fa-facebook\"><\/i><\/a><\/li><li class=\"twitter_share\"><a href=\"#\" title=\"Share on Twitter\" onclick=\"popUp=window.open('http:\/\/twitter.com\/home?status=https:\/\/www.ckplac.org\/en\/plac-radio\/muzicka-scena-subotice\/', 'popupwindow', 'scrollbars=yes,width=800,height=400');popUp.focus();return false;\"><i class=\"fa fa-twitter\"><\/i><\/a><\/li><li  class=\"pinterest_share\"><a href=\"#\" title=\"Share on Pinterest\" onclick=\"popUp=window.open('http:\/\/pinterest.com\/pin\/create\/button\/?url=https%3A%2F%2Fwww.ckplac.org%2Fen%2Fplac-radio%2Fmuzicka-scena-subotice%2F&amp;description=Muzi\u010dka scena Subotice&amp;media=https%3A%2F%2Fwww.ckplac.org%2Fwp-content%2Fuploads%2F2021%2F01%2FWiki.Vojvodina_VII_Subotica_5058_04.jpg', 'popupwindow', 'scrollbars=yes,width=800,height=400');popUp.focus();return false\"><i class=\"fa fa-pinterest\"><\/i><\/a><\/li><\/ul><\/div><\/div><\/div><\/div><\/div><\/div><\/div><\/div><div class=\"wpb_column vc_column_container vc_col-sm-8\"><div class=\"vc_column-inner\"><div class=\"wpb_wrapper\"><div class='q_elements_holder one_column responsive_mode_from_768' ><div class='q_elements_item' data-600-768='0px 10px 40px 10px' data-480-600='0px 10px 40px 10px' data-480='0px 10px 40px 10px' data-animation='no' data-item-class='q_elements_holder_custom_381860'><div class='q_elements_item_inner'><div class='q_elements_item_content q_elements_holder_custom_381860' style='padding:0px 0px 60px 30px'>\n\t<div class=\"wpb_text_column wpb_content_element\">\n\t\t<div class=\"wpb_wrapper\">\n\t\t\t<h6>O emisiji<\/h6>\n\n\t\t<\/div> \n\t<\/div> <div class=\"separator  normal\" style=\"background-color: #f2f2f2;height: 1px;\"><\/div>\n\t<div class=\"vc_empty_space\"  style=\"height: 20px\" ><span\n\t\t\tclass=\"vc_empty_space_inner\">\n\t\t\t<span class=\"empty_space_image\"  ><\/span>\n\t\t<\/span><\/div>\n\n\n\t<div class=\"wpb_text_column wpb_content_element\">\n\t\t<div class=\"wpb_wrapper\">\n\t\t\t<p>Nasumi\u010dni pregled suboti\u010dke autorske popularne muzike od sedamdesetih do danas. Od snimaka sa probe, koncerta, do zapisa iz improvizovanih studija. Iako je pratila trendove svog vremena, suboti\u010dka muzi\u010dka scena je oduvek posedovala autenti\u010dan izraz koji je retko izlazio van lokalne zajednice, \u010dast izuzecima. Prilika da otvorimo svoje arhive i podelimo jedinstven zvuk hrabrih i talentovanih sugra\u0111ana.<\/p>\n\n\t\t<\/div> \n\t<\/div> \t<div class=\"vc_empty_space\"  style=\"height: 20px\" ><span\n\t\t\tclass=\"vc_empty_space_inner\">\n\t\t\t<span class=\"empty_space_image\"  ><\/span>\n\t\t<\/span><\/div>\n\n\n\t<div class=\"wpb_text_column wpb_content_element\">\n\t\t<div class=\"wpb_wrapper\">\n\t\t\t<p><strong>Muzi\u010dki urednici:<\/strong> Petar Mitri\u0107 i Predrag Vitner<\/p>\n\n\t\t<\/div> \n\t<\/div> <\/div><\/div><\/div><\/div><div class='q_elements_holder one_column responsive_mode_from_768' ><div class='q_elements_item' data-600-768='0px 10px 40px 10px' data-480-600='0px 10px 40px 10px' data-480='0px 10px 40px 10px' data-animation='no' data-item-class='q_elements_holder_custom_401728'><div class='q_elements_item_inner'><div class='q_elements_item_content q_elements_holder_custom_401728' style='padding:0px 0px 80px 30px'>\n\t<div class=\"wpb_text_column wpb_content_element\">\n\t\t<div class=\"wpb_wrapper\">\n\t\t\t<h6>Archive<\/h6>\n\n\t\t<\/div> \n\t<\/div> <div class=\"separator  normal\" style=\"background-color: #f2f2f2;height: 1px;\"><\/div>\n\t<div class=\"vc_empty_space\"  style=\"height: 20px\" ><span\n\t\t\tclass=\"vc_empty_space_inner\">\n\t\t\t<span class=\"empty_space_image\"  ><\/span>\n\t\t<\/span><\/div>\n\n<div class=\"qode-accordion-holder clearfix qode-accordion qode-initial\">\n\t<h5 class=\"clearfix qode-title-holder\">\n<span class=\"qode-tab-title\">\n\t    <span class=\"qode-tab-title-inner\">\n        2021    <\/span>\n<\/span>\n<span class=\"qode-accordion-mark\">\n    <span class=\"qode-accordion-mark-icon\">\n        <span class=\"icon_plus\"><\/span>\n        <span class=\"icon_minus-06\"><\/span>\n    <\/span>\n<\/span>\n<\/h5>\n<div  class=\"qode-accordion-content\" >\n    <div class=\"qode-accordion-content-inner\">\n        \n\t<div class=\"wpb_raw_code wpb_content_element wpb_raw_html\" >\n\t\t<div class=\"wpb_wrapper\">\n\t\t\t\n\t\t<\/div>\n\t<\/div>\n\t<div class=\"vc_empty_space\"  style=\"height: 10px\" ><span\n\t\t\tclass=\"vc_empty_space_inner\">\n\t\t\t<span class=\"empty_space_image\"  ><\/span>\n\t\t<\/span><\/div>\n\n\n\t<div class=\"wpb_raw_code wpb_content_element wpb_raw_html\" >\n\t\t<div class=\"wpb_wrapper\">\n\t\t\t\n\t\t<\/div>\n\t<\/div>\n\t<div class=\"vc_empty_space\"  style=\"height: 10px\" ><span\n\t\t\tclass=\"vc_empty_space_inner\">\n\t\t\t<span class=\"empty_space_image\"  ><\/span>\n\t\t<\/span><\/div>\n\n\n\t<div class=\"wpb_raw_code wpb_content_element wpb_raw_html\" >\n\t\t<div class=\"wpb_wrapper\">\n\t\t\t\n\t\t<\/div>\n\t<\/div>\n    <\/div>\n<\/div><\/div><\/div><\/div><\/div><\/div><\/div><\/div><\/div><\/div><\/div>\n<\/section>","protected":false},"excerpt":{"rendered":"Share on: O emisiji Nasumi\u010dni pregled suboti\u010dke autorske popularne muzike od sedamdesetih do danas. Od...","protected":false},"author":2,"featured_media":3360,"parent":13,"menu_order":0,"comment_status":"closed","ping_status":"closed","template":"","meta":{"inline_featured_image":false,"footnotes":""},"aioseo_notices":[],"_links":{"self":[{"href":"https:\/\/www.ckplac.org\/en\/wp-json\/wp\/v2\/pages\/2673"}],"collection":[{"href":"https:\/\/www.ckplac.org\/en\/wp-json\/wp\/v2\/pages"}],"about":[{"href":"https:\/\/www.ckplac.org\/en\/wp-json\/wp\/v2\/types\/page"}],"author":[{"embeddable":true,"href":"https:\/\/www.ckplac.org\/en\/wp-json\/wp\/v2\/users\/2"}],"replies":[{"embeddable":true,"href":"https:\/\/www.ckplac.org\/en\/wp-json\/wp\/v2\/comments?post=2673"}],"version-history":[{"count":4,"href":"https:\/\/www.ckplac.org\/en\/wp-json\/wp\/v2\/pages\/2673\/revisions"}],"predecessor-version":[{"id":3373,"href":"https:\/\/www.ckplac.org\/en\/wp-json\/wp\/v2\/pages\/2673\/revisions\/3373"}],"up":[{"embeddable":true,"href":"https:\/\/www.ckplac.org\/en\/wp-json\/wp\/v2\/pages\/13"}],"wp:featuredmedia":[{"embeddable":true,"href":"https:\/\/www.ckplac.org\/en\/wp-json\/wp\/v2\/media\/3360"}],"wp:attachment":[{"href":"https:\/\/www.ckplac.org\/en\/wp-json\/wp\/v2\/media?parent=2673"}],"curies":[{"name":"wp","href":"https:\/\/api.w.org\/{rel}","templated":true}]}}