{"id":15,"date":"2020-12-18T10:09:56","date_gmt":"2020-12-18T10:09:56","guid":{"rendered":"http:\/\/ckplac.org\/?page_id=15"},"modified":"2023-10-17T19:14:44","modified_gmt":"2023-10-17T17:14:44","slug":"o-nama","status":"publish","type":"page","link":"https:\/\/www.ckplac.org\/en\/o-nama\/","title":{"rendered":"About Us"},"content":{"rendered":"<section class=\"wpb-content-wrapper\"><div      class=\"vc_row wpb_row section vc_row-fluid\" style=' text-align:left;'><div class=\"full_section_inner clearfix\"><div class=\"wpb_column vc_column_container vc_col-sm-9\"><div class=\"vc_column-inner\"><div class=\"wpb_wrapper\"><div class='q_elements_holder one_column responsive_mode_from_768' ><div class='q_elements_item' data-600-768='0px 10px 30px 10px' data-480-600='0px 10px 30px 10px' data-480='0px 10px 30px 10px' data-animation='no' data-item-class='q_elements_holder_custom_739289'><div class='q_elements_item_inner'><div class='q_elements_item_content q_elements_holder_custom_739289' style='padding:0px 0px 80px 0px'>\n\t<div class=\"wpb_text_column wpb_content_element\">\n\t\t<div class=\"wpb_wrapper\">\n\t\t\t<h6>Contemporary Culture and Arts Center Subotica<\/h6>\n<p>&nbsp;<\/p>\n<p>Contemporary Culture and Arts Center, Subotica, is an umbrella association founded on July 3, 2020 in Subotica with the aim of promoting contemporary art, providing support to local artists and cultural workers as well as building a space of freedom of expression, research, networking and exchange.<\/p>\n<p>&nbsp;<\/p>\n<p>The Centre was founded by ten art associations from Subotica: Klara and Rosa Citizens' Association, Summer Cinema Theatre Association, Artrust Citizens' Association, Etnofest, NoWave Films, Junior Music Studio Citizens' Association, Authentic Vojvodina Citizens' Association, Iuventus Ventus Citizens' Association, Symposion Citizens' Association, Szab-Way Theater Citizens' Association, actors, dancers, fine artists, musicians, cultural and youth workers.<\/p>\n<p>&nbsp;<\/p>\n<p>The structure of the Association of the Centre for Contemporary Culture and Art consists of the Coordination Body, the Assembly and the Council.<\/p>\n<p>&nbsp;<\/p>\n<p class=\" translation-block\">Members of the Council of the Association are: Igor \u0160tiks, \u0160pela Tro\u0161t, Sla\u0111ana Petrovi\u0107 Varagi\u0107, Iva \u010cuki\u0107, Vi\u0161nja Kisi\u0107, Jasmina Proli\u0107 and Szabolcs Tolnai.<\/p>\n<p>&nbsp;<\/p>\n<p class=\" translation-block\">Members of the Coordination Body are the executive (Gordana Vukov Ciganjik) and operations coordinator (Daniela Mamu\u017ei\u0107) and 6 program coordinators: Jelena Gruji\u010di\u0107 (fine arts), Petar Mitri\u0107 (film), Zsuzsanna Kalm\u00e1r (theater), Henrietta Varga (dance), Filip Budanovi\u0107 (music) and Ilija Vuleti\u0107 (literature). Many other individuals who make up the Assembly of the Centre are gathered around the idea of the Centre.<\/p>\n<p>&nbsp;<\/p>\n<p class=\" translation-block\">The languages in which we build the space of exchange, production and presentation, development of critical thought and activism, and the programs that connect, rather than separate, are Serbo-Croatian and Hungarian.<\/p>\n<p>&nbsp;<\/p>\n<p class=\" translation-block\">Logo: The conceptual solution for the logo of the Centre came from Igor Halasevi\u0107, Authentic Vojvodina. From his rich archive of documented works of artists from Subotica he suggested a print, whose contours we took as a sign of the Centre. Imre Vinkler is the author of the original print.<\/p>\n<p>&nbsp;<\/p>\n<p><b>Radio Plac logo:<\/b> Nemanja Stojanovi\u0107<\/p>\n<p>&nbsp;<\/p>\n<p><b>Art<\/b>: Svetlana \u017ddrnja<\/p>\n\n\t\t<\/div> \n\t<\/div> <\/div><\/div><\/div><\/div><\/div><\/div><\/div><div class=\"wpb_column vc_column_container vc_col-sm-3\"><div class=\"vc_column-inner\"><div class=\"wpb_wrapper\"><div  class=\"wpb_widgetised_column wpb_content_element\">\n\t\t<div class=\"wpb_wrapper\">\n\t\t\t\n\t\t\t<div id=\"media_image-4\" class=\"widget widget_media_image\"><img width=\"232\" height=\"300\" src=\"https:\/\/www.ckplac.org\/wp-content\/uploads\/2021\/01\/csk-logo-232x300.jpg\" class=\"image wp-image-2950  attachment-medium size-medium\" alt=\"\" decoding=\"async\" style=\"max-width: 100%; height: auto;\" loading=\"lazy\" srcset=\"https:\/\/www.ckplac.org\/wp-content\/uploads\/2021\/01\/csk-logo-232x300.jpg 232w, https:\/\/www.ckplac.org\/wp-content\/uploads\/2021\/01\/csk-logo-600x776.jpg 600w, https:\/\/www.ckplac.org\/wp-content\/uploads\/2021\/01\/csk-logo.jpg 612w\" sizes=\"(max-width: 232px) 100vw, 232px\" \/><\/div>\n\t\t<\/div>\n\t<\/div>\n<\/div><\/div><\/div><\/div><\/div><div   data-q_id=\"#doniraj\"    class=\"vc_row wpb_row section vc_row-fluid\" style=' text-align:left;'><div class=\"full_section_inner clearfix\"><div class=\"wpb_column vc_column_container vc_col-sm-12\"><div class=\"vc_column-inner\"><div class=\"wpb_wrapper\"><div class='q_elements_holder one_column responsive_mode_from_768' ><div class='q_elements_item' data-600-768='0px 10px 50px 10px' data-480-600='0px 10px 50px 10px' data-480='0px 10px 50px 10px' data-animation='no' data-item-class='q_elements_holder_custom_913678'><div class='q_elements_item_inner'><div class='q_elements_item_content q_elements_holder_custom_913678' style='padding:0px 0px 80px 0px'><div class=\"separator  normal\" style=\"background-color: #f2f2f2;\"><\/div>\n<\/div><\/div><\/div><\/div><div      class=\"vc_row wpb_row section vc_row-fluid vc_inner\" style=' text-align:left;'><div class=\"full_section_inner clearfix\"><div class=\"wpb_column vc_column_container vc_col-sm-6\"><div class=\"vc_column-inner\"><div class=\"wpb_wrapper\"><div class='q_elements_holder one_column responsive_mode_from_768' ><div class='q_elements_item' data-1280-1440='0px 30px 80px 0px' data-1024-1280='0px 20px 80px 0px' data-768-1024='0px 10px 80px 0px' data-600-768='0px 10px 30px 10px' data-480-600='0px 10px 30px 10px' data-480='0px 10px 30px 10px' data-animation='no' data-item-class='q_elements_holder_custom_223956'><div class='q_elements_item_inner'><div class='q_elements_item_content q_elements_holder_custom_223956' style='padding:0px 30px 80px 0px'>\n\t<div class=\"wpb_single_image wpb_content_element vc_align_left\">\n\t\t<div class=\"wpb_wrapper\">\n\t\t\t\n\t\t\t<div class=\"vc_single_image-wrapper   vc_box_border_grey\"><img class=\"vc_single_image-img\" src=\"https:\/\/www.ckplac.org\/wp-content\/uploads\/2021\/01\/svetlana-zdrnja-04-600x500.gif\" width=\"600\" height=\"500\" alt=\"svetlana zdrnja 04\" title=\"svetlana zdrnja 04\" \/><\/div>\n\t\t<\/div>\n\t<\/div>\n<\/div><\/div><\/div><\/div><\/div><\/div><\/div><div class=\"wpb_column vc_column_container vc_col-sm-6\"><div class=\"vc_column-inner\"><div class=\"wpb_wrapper\"><div class='q_elements_holder one_column responsive_mode_from_768' ><div class='q_elements_item' data-600-768='0px 10px 50px 10px' data-480-600='0px 10px 50px 10px' data-480='0px 10px 50px 10px' data-animation='no' data-item-class='q_elements_holder_custom_379752'><div class='q_elements_item_inner'><div class='q_elements_item_content q_elements_holder_custom_379752' style='padding:0px 0px 80px 0px'>\n\t<div class=\"wpb_text_column wpb_content_element\">\n\t\t<div class=\"wpb_wrapper\">\n\t\t\t<h6>SUPPORT<\/h6>\n\n\t\t<\/div> \n\t<\/div> \t<div class=\"vc_empty_space\"  style=\"height: 20px\" ><span\n\t\t\tclass=\"vc_empty_space_inner\">\n\t\t\t<span class=\"empty_space_image\"  ><\/span>\n\t\t<\/span><\/div>\n\n\n\t<div class=\"wpb_text_column wpb_content_element\">\n\t\t<div class=\"wpb_wrapper\">\n\t\t\t<p>Kako biste podr\u017eali rad Centra mese\u010dnom donacijom dovoljno je da se jednom prijavite kao donator, izaberete visinu donacije (sami birate iznos upisivanjem u ponu\u0111ena polja), i ona \u0107e svakog prvog u mesecu biti prosle\u0111ena u dinarskoj protivvrednosti. Za podr\u0161ku nije potrebno imati devizni ra\u010dun jer \u0107e se nazna\u010deni iznos\u00a0 automatski konvertovati po kursu va\u0161e banke. Va\u0161 doprinos zna\u010di\u0107e nam kao podr\u0161ka za produkciju programa, prevod, odr\u017eavanje internet stranice, radio produkciju i godi\u0161nju pretplatu, knjigovo\u0111stvene usluge\u2026 a mo\u017eda i iznajmljivanje prostora. Uz\u00a0 va\u0161u podr\u0161ku mo\u017eemo obogatiti na\u0161 grad novim i druga\u010dijim kulturnim sadr\u017eajima na kojima \u0107emo se sretati, razgovarati, otkrivati i u\u017evati u kreativnim procesima.<\/p>\n<p>&nbsp;<\/p>\n<p>You can support our work through the Patreon platform.<\/p>\n\n\t\t<\/div> \n\t<\/div> \t<div class=\"vc_empty_space\"  style=\"height: 30px\" ><span\n\t\t\tclass=\"vc_empty_space_inner\">\n\t\t\t<span class=\"empty_space_image\"  ><\/span>\n\t\t<\/span><\/div>\n\n<a  itemprop=\"url\" href=\"https:\/\/www.patreon.com\/ckplac\" target=\"_blank\"  class=\"qbutton  default\" style=\"\">DONATE \u279e<\/a><\/div><\/div><\/div><\/div><\/div><\/div><\/div><\/div><\/div><\/div><\/div><\/div><\/div><\/div><div   data-q_id=\"#volontiraj\"    class=\"vc_row wpb_row section vc_row-fluid\" style=' text-align:left;'><div class=\"full_section_inner clearfix\"><div class=\"wpb_column vc_column_container vc_col-sm-12\"><div class=\"vc_column-inner\"><div class=\"wpb_wrapper\"><div class='q_elements_holder one_column responsive_mode_from_768' ><div class='q_elements_item' data-600-768='0px 10px 50px 10px' data-480-600='0px 10px 50px 10px' data-480='0px 10px 50px 10px' data-animation='no' data-item-class='q_elements_holder_custom_993414'><div class='q_elements_item_inner'><div class='q_elements_item_content q_elements_holder_custom_993414' style='padding:0px 0px 80px 0px'><div class=\"separator  normal\" style=\"background-color: #f2f2f2;\"><\/div>\n<\/div><\/div><\/div><\/div><div      class=\"vc_row wpb_row section vc_row-fluid vc_inner\" style=' text-align:left;'><div class=\"full_section_inner clearfix\"><div class=\"wpb_column vc_column_container vc_col-sm-6\"><div class=\"vc_column-inner\"><div class=\"wpb_wrapper\"><div class='q_elements_holder one_column responsive_mode_from_768' ><div class='q_elements_item' data-1280-1440='0px 30px 80px 0px' data-1024-1280='0px 20px 80px 0px' data-768-1024='0px 10px 80px 0px' data-600-768='0px 10px 30px 10px' data-480-600='0px 10px 30px 10px' data-480='0px 10px 30px 10px' data-animation='no' data-item-class='q_elements_holder_custom_731528'><div class='q_elements_item_inner'><div class='q_elements_item_content q_elements_holder_custom_731528' style='padding:0px 30px 80px 0px'>\n\t<div class=\"wpb_single_image wpb_content_element vc_align_left\">\n\t\t<div class=\"wpb_wrapper\">\n\t\t\t\n\t\t\t<div class=\"vc_single_image-wrapper   vc_box_border_grey\"><img class=\"vc_single_image-img\" src=\"https:\/\/www.ckplac.org\/wp-content\/uploads\/2021\/01\/svetlana-zdrnja-01-600x500.gif\" width=\"600\" height=\"500\" alt=\"svetlana zdrnja 01\" title=\"svetlana zdrnja 01\" \/><\/div>\n\t\t<\/div>\n\t<\/div>\n<\/div><\/div><\/div><\/div><\/div><\/div><\/div><div class=\"wpb_column vc_column_container vc_col-sm-6\"><div class=\"vc_column-inner\"><div class=\"wpb_wrapper\"><div class='q_elements_holder one_column responsive_mode_from_768' ><div class='q_elements_item' data-600-768='0px 10px 50px 10px' data-480-600='0px 10px 50px 10px' data-480='0px 10px 50px 10px' data-animation='no' data-item-class='q_elements_holder_custom_608814'><div class='q_elements_item_inner'><div class='q_elements_item_content q_elements_holder_custom_608814' style='padding:0px 0px 80px 0px'>\n\t<div class=\"wpb_text_column wpb_content_element\">\n\t\t<div class=\"wpb_wrapper\">\n\t\t\t<h6>VOLUNTEER<\/h6>\n\n\t\t<\/div> \n\t<\/div> \t<div class=\"vc_empty_space\"  style=\"height: 20px\" ><span\n\t\t\tclass=\"vc_empty_space_inner\">\n\t\t\t<span class=\"empty_space_image\"  ><\/span>\n\t\t<\/span><\/div>\n\n<blockquote class='with_quote_icon' style=''><i class='fa fa-quote-right' style=''><\/i><h5 class='blockquote-text' style=''>Mala grupa kreativnih ljudi<br \/>\ncan change the world.<br \/>\nZapravo oni su jedini to do sada \u010dinili\u2026<\/p>\n<p>Margaret Mead<\/h5><\/blockquote>\t<div class=\"vc_empty_space\"  style=\"height: 20px\" ><span\n\t\t\tclass=\"vc_empty_space_inner\">\n\t\t\t<span class=\"empty_space_image\"  ><\/span>\n\t\t<\/span><\/div>\n\n\n\t<div class=\"wpb_text_column wpb_content_element\">\n\t\t<div class=\"wpb_wrapper\">\n\t\t\t<p>Through small actions and steps we can contribute to social changes, first in the local community and then beyond. You can support our initiative by becoming a volunteer and being a part of cultural production, meeting various authors and gaining experience in working with people and organizations, and maybe also realizing some of your ideas with our help and support.<\/p>\n\n\t\t<\/div> \n\t<\/div> \t<div class=\"vc_empty_space\"  style=\"height: 30px\" ><span\n\t\t\tclass=\"vc_empty_space_inner\">\n\t\t\t<span class=\"empty_space_image\"  ><\/span>\n\t\t<\/span><\/div>\n\n<a  itemprop=\"url\" href=\"https:\/\/www.ckplac.org\/kontakt\/\" target=\"_self\"  class=\"qbutton  default\" style=\"\">APPLY \u279e<\/a><\/div><\/div><\/div><\/div><\/div><\/div><\/div><\/div><\/div><\/div><\/div><\/div><\/div><\/div>\n<\/section>","protected":false},"excerpt":{"rendered":"Centar za savremenu kulturu i umetnost, Subotica &nbsp; Centar za savremenu kulturu i umetnost, Subotica,...","protected":false},"author":1,"featured_media":2950,"parent":0,"menu_order":0,"comment_status":"closed","ping_status":"closed","template":"","meta":{"inline_featured_image":false,"footnotes":""},"aioseo_notices":[],"_links":{"self":[{"href":"https:\/\/www.ckplac.org\/en\/wp-json\/wp\/v2\/pages\/15"}],"collection":[{"href":"https:\/\/www.ckplac.org\/en\/wp-json\/wp\/v2\/pages"}],"about":[{"href":"https:\/\/www.ckplac.org\/en\/wp-json\/wp\/v2\/types\/page"}],"author":[{"embeddable":true,"href":"https:\/\/www.ckplac.org\/en\/wp-json\/wp\/v2\/users\/1"}],"replies":[{"embeddable":true,"href":"https:\/\/www.ckplac.org\/en\/wp-json\/wp\/v2\/comments?post=15"}],"version-history":[{"count":92,"href":"https:\/\/www.ckplac.org\/en\/wp-json\/wp\/v2\/pages\/15\/revisions"}],"predecessor-version":[{"id":7461,"href":"https:\/\/www.ckplac.org\/en\/wp-json\/wp\/v2\/pages\/15\/revisions\/7461"}],"wp:featuredmedia":[{"embeddable":true,"href":"https:\/\/www.ckplac.org\/en\/wp-json\/wp\/v2\/media\/2950"}],"wp:attachment":[{"href":"https:\/\/www.ckplac.org\/en\/wp-json\/wp\/v2\/media?parent=15"}],"curies":[{"name":"wp","href":"https:\/\/api.w.org\/{rel}","templated":true}]}}